{"id":2113,"date":"2020-03-03T14:52:35","date_gmt":"2020-03-03T13:52:35","guid":{"rendered":"https:\/\/www.calvingusto.it\/?page_id=2113"},"modified":"2020-03-03T14:52:37","modified_gmt":"2020-03-03T13:52:37","slug":"privacy-policy-e-cookie-policy","status":"publish","type":"page","link":"https:\/\/www.calvingusto.it\/de\/privacy-policy-e-cookie-policy\/","title":{"rendered":"Privacy Policy e Cookie Policy"},"content":{"rendered":"<section class=\"wpb-content-wrapper\"><p>[vc_row full_width=&#8220;stretch_row&#8220; css=&#8220;.vc_custom_1570441738828{margin-top: 60px !important;margin-bottom: 100px !important;background-position: center !important;background-repeat: no-repeat !important;background-size: cover !important;}&#8220;][vc_column][insight_title uppercase=&#8220;yes&#8220; sub_title_enable=&#8220;yes&#8220; title=&#8220;Privacy Policy e Cookie Policy&#8220; sub_title=&#8220;-Calvino Gusto Supremo-&#8222;][vc_empty_space height=&#8220;50px&#8220;][vc_row_inner css=&#8220;.vc_custom_1570441714749{background-image: url(http:\/\/organiee.thememove.com\/wp-content\/uploads\/2016\/11\/about_v2_1.jpg?id=369) !important;background-position: 0 0 !important;background-repeat: no-repeat !important;}&#8220;][vc_column_inner css=&#8220;.vc_custom_1478080472179{margin-top: 0px !important;margin-bottom: 0px !important;padding-top: 0px !important;padding-bottom: 0px !important;}&#8220;][vc_column_text]<\/p>\n<h3>Informativa per trattamento dei dati personali<\/h3>\n<h4>resa ai sensi e per gli effetti del Regolamento Europeo Legge 679\/2016 GDPR<\/h4>\n<p>&nbsp;<\/p>\n<p>FINALIT\u00c1 DEL PRESENTE DOCUMENTO<\/p>\n<p>Vengono di seguito comunicate le modalit\u00e0 di trattamento dei dati personali degli utenti del sito&nbsp;<strong>www.calvingusto.it<\/strong>, eventualmente raccolti durante la consultazione dello stesso.<\/p>\n<p>L\u2019informativa viene resa ai sensi dell\u2019art.13 del Decreto Legislativo 20 Giugno 2003 n. 196 \u2013 Codice in materia di protezione dei dati personali \u2013 e dell\u2019art. 14 del Regolamento Europeo legge 679\/2016 GDPR \u2013 a coloro che interagiscono con i servizi web accessibili per via telematica a partire dall\u2019indirizzo:&nbsp;<strong>www.calvingusto.it<\/strong><\/p>\n<p>Le indicazioni fornite di seguito si ispirano anche alle linee guida desunte dall\u2019art. 29 della direttiva n. 95\/46\/CE e riguardano, in modo particolare, la raccolta dei dati personali su Internet, prefiggendosi di identificare le misure minime che dovranno essere attuate nei confronti delle persone interessate per garantire lealt\u00e0 e liceit\u00e0 di tali pratiche.<\/p>\n<p>&nbsp;<\/p>\n<h4>IL TITOLARE DEL TRATTAMENTO<\/h4>\n<p>A seguito della consultazione del sito <strong>www.calvingusto.it<\/strong> in seguito denominato il SITO, possono essere trattati dati relativi a persone identificate o identificabili. Il \u201cTitolare\u201d del loro trattamento \u00e8 Calvino Gusto Supremo <strong>con sede legale in Via Calvino, 4 &#8211; 25080 Padenghe sul Garda (BS)<\/strong>,&nbsp;di seguito identificato come il TITOLARE DEL TRATTAMENTO.<\/p>\n<p>&nbsp;<\/p>\n<p>AMBITO<br \/>\nL\u2019informativa \u00e8 resa solo per il SITO in oggetto e non anche per altri siti Web esterni eventualmente consultabili tramite i link presenti sulle pagine del SITO, che collegano a domini diversi, dei quali il TITOLARE DEL TRATTAMENTO non \u00e8 responsabile.<\/p>\n<p>&nbsp;<\/p>\n<h4>LUOGO DI TRATTAMENTO DEI DATI<\/h4>\n<p>I trattamenti connessi ai servizi Web sul SITO (fisicamente residenti su server collegati alla rete) sono effettuati presso la sede del TITOLARE DEL TRATTAMENTO e sono curati solo da dipendenti, collaboratori o incaricati al trattamento, oppure da eventuali incaricati di occasionali operazioni di manutenzione. Nessun dato derivante dalla navigazione sul SITO viene comunicato o diffuso a terzi il cui operato non \u00e8 inerente alla gestione, al funzionamento od al controllo delle operazioni del SITO stesso. I dati personali forniti dagli utenti che inoltrano richieste di invio di materiale informativo sono utilizzati al solo fine di eseguire il servizio o la prestazione richiesta e sono comunicati a terzi nel caso in cui ci\u00f2 sia a tal fine necessario salvo quanto previsto al capitolo \u201cconferimento dati facoltativo\u201d.<\/p>\n<p>&nbsp;<\/p>\n<h4>TIPI DI DATI TRATTATI<\/h4>\n<p><u>Dati di Navigazione<\/u><\/p>\n<p>I sistemi informatici e le procedure software preposte al funzionamento del SITO acquisiscono, nel corso del loro normale esercizio, alcuni dati personali la cui trasmissione \u00e8 implicita nell\u2019uso dei protocolli di comunicazione di Internet. Si tratta di informazioni che non sono raccolte per essere associate ad interessati identificati, ma che per loro stessa natura potrebbero, attraverso elaborazioni ed associazioni con dati detenuti da terzi, permettere di identificare gli utenti. In questa categoria di dati rientrano, a mero titolo esemplificativo, gli indirizzi IP o i nomi a dominio dei computer utilizzati dagli utenti che si connettono al sito, gli indirizzi in notazione URI (Uniform Resource Identifier) delle risorse richieste, l\u2019orario della richiesta, il metodo utilizzato nel sottoporre la richiesta al server, la dimensione del file ottenuto in risposta, il codice numerico indicante lo stato della risposta data dal server (buon fine, errore, ecc.) ed altri parametri relativi al sistema operativo e all\u2019ambiente informatico dell\u2019utente. Questi dati sono utilizzati al solo fine di ricavare informazioni statistiche anonime sull\u2019uso del SITO e per controllarne il corretto funzionamento. I dati potrebbero essere resi disponibili dal TITOLARE DEL TRATTAMENTO&nbsp;per l\u2019accertamento di responsabilit\u00e0 in caso di ipotetici reati informatici o altre richieste autorizzate dall\u2019autorit\u00e0 giudiziaria.<\/p>\n<p>&nbsp;<\/p>\n<p><u>Dati conferiti volontariamente dagli utenti del sito<\/u><\/p>\n<p>L\u2019invio facoltativo, esplicito e volontario di messaggi di posta elettronica agli indirizzi indicati sul SITO o tramite la compilazione di moduli di richiesta o altre procedure guidate presenti sul SITO stesso, comporta la successiva acquisizione dell\u2019indirizzo del mittente, necessario per rispondere alle richieste, nonch\u00e9 degli eventuali altri dati personali inseriti.<\/p>\n<p>Specifiche informative di sintesi verranno riportate o visualizzate nelle pagine del sito predisposte per particolari servizi a richiesta.<\/p>\n<p>&nbsp;<\/p>\n<h4>FACOLTATIVIT\u00c1 DEL CONFERIMENTO DEI DATI<\/h4>\n<p>A parte quanto specificato per i dati di navigazione, l\u2019utente \u00e8 libero di fornire i dati personali riportati nei moduli di richiesta o comunque indicati in contatti per sollecitare l\u2019invio di materiale informativo o di altre comunicazioni. Il loro mancato conferimento pu\u00f2 comportare l\u2019impossibilit\u00e0 di ottenere quanto richiesto. Per completezza va ricordato che, in alcuni casi (non oggetto dell\u2019ordinaria gestione di questo sito), l\u2019Autorit\u00e0 pu\u00f2 richiedere notizie e informazioni ai sensi dell\u2019art. 15 del Regolamento Europeo legge 679\/2016 GDPR , ai fini del controllo sul trattamento dei dati personali. In questi casi la risposta \u00e8 obbligatoria a pena di sanzione amministrativa.<\/p>\n<p>&nbsp;<\/p>\n<h4>COOKIE<\/h4>\n<p>I cookie sono brevi file di testo che vengono scaricati sul dispositivo dell\u2019Utente quando si visita un sito web e consentono al SITO di riconoscere il dispositivo dell\u2019Utente. Essi hanno diverse finalit\u00e0 come, per esempio, consentire di navigare efficientemente tra le pagine, ricordare i siti preferiti e, in generale, migliorare l\u2019esperienza di navigazione, In base alla funzione e alla finalit\u00e0 di utilizzo, i cookie possono suddividersi in cookie tecnici, cookie di profilazione, cookie di terze parti. Per un approfondimento sui Cookie utilizzati dal SITO vedi i capitoli di seguito.<\/p>\n<p>&nbsp;<\/p>\n<h4>MODALIT\u00c1 DEL TRATTAMENTO<\/h4>\n<p>I dati personali sono trattati con e senza strumenti elettronici o comunque automatizzati, informatici o telematici per il tempo strettamente necessario a conseguire gli scopi per cui sono stati raccolti. Specifiche misure di sicurezza sono osservate per prevenire la perdita dei dati, usi illeciti o non corretti ed accessi non autorizzati in ottemperanza agli obblighi di adeguamento a misure minime di sicurezza.<\/p>\n<p>Per fornire un servizio completo il SITO pu\u00f2 contenere link ad altri siti web, non gestiti dal presente TITOLARE DEL TRATTAMENTO il quale non pu\u00f2 essere ritenuto responsabile di errori, contenuti, cookie, pubblicazioni di contenuto morale illecito, pubblicit\u00e0, banner o file non conformi alle disposizioni normative vigenti e del rispetto del Regolamento Europeo &nbsp;LEGGE 679\/2016 &nbsp;da parte dei siti suddetti.<\/p>\n<p>Art.15 DIRITTO DEGLI INTERESSATI<\/p>\n<p>I soggetti cui si riferiscono i dati personali hanno il diritto in qualunque momento di ottenere la conferma dell\u2019esistenza o meno dei medesimi dati e di conoscerne il contenuto e l\u2019origine, verificarne l\u2019esattezza o chiederne l\u2019integrazione o l\u2019aggiornamento, oppure la rettificazione (art. 15&nbsp; del D.Lgs. n. 679\/2016). Ai sensi del medesimo articolo si ha il diritto di chiedere la cancellazione, la trasformazione in forma anonima o il blocco dei dati trattati in violazione di legge, nonch\u00e9 di opporsi, per motivi legittimi, al loro trattamento.<br \/>\nIn ogni caso l\u2019Utente rester\u00e0 libero in ogni momento di revocare i consensi dallo stesso prestati, inviando senza formalit\u00e0 una comunicazione in tal senso al TITOLARE DEL TRATTAMENTO ai recapiti riportati all\u2019inizio del presente documento.<\/p>\n<p>&nbsp;<\/p>\n<h4>MODIFICHE ALLA PRESENTE PRIVACY POLICY<\/h4>\n<p>Il TITOLARE DEL TRATTAMENTO si riserva il diritto di aggiornare la presente Privacy Policy in ogni momento per adeguarla al diritto sopravveniente e di migliorarla tenendo conto anche dei suggerimenti trasmessi da clienti, collaboratori ed utenti.<\/p>\n<p>&nbsp;<\/p>\n<h3>Cookie<\/h3>\n<p>&nbsp;<\/p>\n<h4>COS\u2019\u00c8 UN COOKIE<\/h4>\n<p>I cookie sono brevi file di testo che vengono scaricati sul dispositivo dell\u2019Utente quando si visita un sito web. Ad ogni visita successiva i cookie sono reinviati al sito web che li ha originati (cookie di prime parti) o a un altro sito che li riconosce (cookie di terze parti). I cookie sono utili perch\u00e9 consentono a un sito web di riconoscere il dispositivo dell\u2019Utente. Essi hanno diverse finalit\u00e0 come, per esempio, consentire di navigare efficientemente tra le pagine, ricordare i siti preferiti e, in generale, migliorare l\u2019esperienza di navigazione.<br \/>\nIn base alla funzione e alla finalit\u00e0 di utilizzo, i cookie possono suddividersi in cookie tecnici, cookie di profilazione, cookie di terze parti.<\/p>\n<p>&nbsp;<\/p>\n<h4>COOKIE TECNICI<\/h4>\n<p>I cookie tecnici hanno lo scopo di abilitare funzioni senza le quali non sarebbe possibile utilizzare appieno il SITO.<br \/>\nQuesti cookie permettono il funzionamento di procedure basate su pi\u00f9 passaggi (pi\u00f9 pagine successive, come ad esempio una richiesta di contatto), di tenere traccia delle scelte dell\u2019utente sui contenuti del SITO da visualizzare e le funzionalit\u00e0 da attivare o disattivare. Un cookie di questo tipo viene inoltre utilizzato per memorizzare la decisione dell\u2019utente sull\u2019utilizzo di cookie sul nostro sito web.<br \/>\nI cookie essenziali non possono essere disabilitati utilizzando le funzioni del Sito.<br \/>\nRientrano nell\u2019ambito dei cookie tecnici anche quelli utilizzati per analizzare statisticamente gli accessi o le visite al sito, detti anche \u201canalytics\u201d, che perseguono esclusivamente scopi statistici e raccolgono informazioni in forma aggregata senza possibilit\u00e0 di risalire all\u2019identificazione del singolo utente.<br \/>\nI cookie analytics possono essere anche cookie di terze parti (Google Analytics) per i quali si rimanda, per un ulteriore approfondimento, alla privacy del rispettivo titolare.<\/p>\n<p>&nbsp;<\/p>\n<h4>COOKIE DI PROFILAZIONE<\/h4>\n<p>I cookie di profilazione hanno lo scopo di migliorare l\u2019esperienza utente del SITO suggerendo contenuti affini alle preferenze manifestate dall\u2019utente durante la navigazione, in base ai contenuti visualizzati ed altri parametri di comportamento.<\/p>\n<p>L\u2019utente pu\u00f2 decidere di disattivare l\u2019utilizzo dei singoli cookie del SITO tramite le apposite opzioni del proprio browser.<\/p>\n<h4><strong>In questo caso alcune funzionalit\u00e0 del SITO potrebbero non essere disponibili.<\/strong><\/h4>\n<h4><strong><br \/>\n<\/strong><br \/>\nCOOKIE DI TERZE PARTI<\/h4>\n<p>Il SITO utilizza alcune funzionalit\u00e0 esterne o contiene alcuni link esterni con lo scopo di migliorare l\u2019integrazione con siti di terze parti di comune utilizzo e la socialit\u00e0 del SITO stesso (es. pulsanti di condivisione di Facebook, Google, ecc.). Tali funzionalit\u00e0 e link potrebbero determinare l\u2019utilizzo di cookie di terze parti per i quali si rimanda alla privacy specifica pubblicata sui singoli siti.<\/p>\n<p>&nbsp;<\/p>\n<h4>DISATTIVAZIONE DEI COOKIE SUI PI\u00da COMUNI BROWSER<\/h4>\n<p>\u00c9 possibile disattivare i cookie utilizzando le opzioni messe a disposizione dal proprio browser. Seguono alcuni esempi relativi ai browser pi\u00f9 diffusi.<\/p>\n<p><u>Internet Explorer<\/u><\/p>\n<ul>\n<li>Selezionare Strumenti sulla barra dei menu<\/li>\n<li>Fare clic su Opzioni Internet<\/li>\n<li>Fare clic sulla scheda Generale, che si trova sotto la voce \u201cCronologia esplorazioni\u201d e fare clic su \u201cElimina\u201d<\/li>\n<\/ul>\n<p><u>Firefox<\/u><\/p>\n<ul>\n<li>Selezionare Strumenti sulla barra dei menu<\/li>\n<li>Fare clic su Opzioni<\/li>\n<li>Fare clic sulla scheda Privacy<\/li>\n<li>Fare clic su \u201cCancella adesso\u201d<\/li>\n<li>Selezionare \u201cCookie\u201d<\/li>\n<li>Fare clic su \u201cElimina i dati personali adesso\u201d<\/li>\n<\/ul>\n<p><u>Google Chrome<\/u><\/p>\n<ul>\n<li>Fare clic sull\u2019icona della chiave inglese in alto a destra del browser<\/li>\n<li>Fare clic su \u201cOpzioni\u201d<\/li>\n<li>Fare clic su \u201cRoba da smanettoni\u201d<\/li>\n<li>Fare clic sul pulsante \u201cImpostazioni contenuti\u201d nella sezione Privacy<\/li>\n<li>Fare clic sul pulsante \u201cCancella dati di navigazione\u201d<\/li>\n<\/ul>\n<p><u>Safari<\/u><\/p>\n<ul>\n<li>Andare al menu Safari (icona in alto a destra del browser) e selezionare Preferenze<\/li>\n<li>Nella finestra a comparsa che si apre, selezionare l\u2019icona Sicurezza (a forma di lucchetto)<\/li>\n<li>Sotto la voce \u201cAccetta cookie\u201d, selezionare il pulsante \u201cMai\u201d<\/li>\n<\/ul>\n<p>[\/vc_column_text][\/vc_column_inner][\/vc_row_inner][\/vc_column][\/vc_row][vc_row full_width=&#8220;stretch_row&#8220; content_placement=&#8220;bottom&#8220; parallax=&#8220;content-moving&#8220; parallax_image=&#8220;1315&#8243; css=&#8220;.vc_custom_1583243149260{margin-top: 30px !important;padding-top: 100px !important;padding-bottom: 100px !important;}&#8220;][vc_column][vc_custom_heading text=&#8220;Hai bisogno di informazioni?&#8220; font_container=&#8220;tag:div|font_size:40px|text_align:center|color:%23e9b300|line_height:1&#8243; text_transform=&#8220;uppercase&#8220; font_weight=&#8220;700&#8243; css=&#8220;.vc_custom_1583243072063{margin-bottom: 35px !important;}&#8220; letter_spacing=&#8220;0.1em&#8220;][vc_custom_heading text=&#8220;Contattaci subito&#8220; font_container=&#8220;tag:div|font_size:18px|text_align:center|color:%23ffffff|line_height:2&#8243; use_theme_fonts=&#8220;&#8220; google_fonts=&#8220;font_family:Playfair%20Display%3Aregular%2Citalic%2C700%2C700italic%2C900%2C900italic|font_style:400%20regular%3A400%3Anormal&#8220; font_weight=&#8220;400&#8243; css=&#8220;.vc_custom_1583243100782{margin-bottom: 55px !important;}&#8220;][vc_btn title=&#8220;Contattaci&#8220; style=&#8220;outline-custom&#8220; outline_custom_color=&#8220;#e9b300&#8243; outline_custom_hover_background=&#8220;#e9b300&#8243; outline_custom_hover_text=&#8220;#ffffff&#8220; shape=&#8220;round&#8220; align=&#8220;center&#8220; link=&#8220;url:https%3A%2F%2Fwww.calvingusto.it%2Fcontatti%2F|||&#8220; el_id=&#8220;bottone-cta&#8220;][\/vc_column][\/vc_row]<\/p>\n<\/section>","protected":false},"excerpt":{"rendered":"<p>[vc_row full_width=&#8220;stretch_row&#8220; css=&#8220;.vc_custom_1570441738828{margin-top: 60px !important;margin-bottom: 100px !important;background-position: center !important;background-repeat: no-repeat !important;background-size: cover !important;}&#8220;][vc_column][insight_title uppercase=&#8220;yes&#8220; sub_title_enable=&#8220;yes&#8220; title=&#8220;Privacy Policy e Cookie Policy&#8220; sub_title=&#8220;-Calvino Gusto Supremo-&#8222;][vc_empty_space height=&#8220;50px&#8220;][vc_row_inner css=&#8220;.vc_custom_1570441714749{background-image: url(http:\/\/organiee.thememove.com\/wp-content\/uploads\/2016\/11\/about_v2_1.jpg?id=369) !important;background-position: 0 0 !important;background-repeat: no-repeat !important;}&#8220;][vc_column_inner css=&#8220;.vc_custom_1478080472179{margin-top: 0px !important;margin-bottom: 0px !important;padding-top: 0px !important;padding-bottom: 0px !important;}&#8220;][vc_column_text] Informativa per trattamento dei dati personali resa ai sensi e per gli effetti del&#8230;<\/p>\n","protected":false},"author":1,"featured_media":0,"parent":0,"menu_order":0,"comment_status":"closed","ping_status":"closed","template":"","meta":{"_monsterinsights_skip_tracking":false,"_monsterinsights_sitenote_active":false,"_monsterinsights_sitenote_note":"","_monsterinsights_sitenote_category":0,"footnotes":""},"class_list":["post-2113","page","type-page","status-publish","hentry"],"_links":{"self":[{"href":"https:\/\/www.calvingusto.it\/de\/wp-json\/wp\/v2\/pages\/2113","targetHints":{"allow":["GET"]}}],"collection":[{"href":"https:\/\/www.calvingusto.it\/de\/wp-json\/wp\/v2\/pages"}],"about":[{"href":"https:\/\/www.calvingusto.it\/de\/wp-json\/wp\/v2\/types\/page"}],"author":[{"embeddable":true,"href":"https:\/\/www.calvingusto.it\/de\/wp-json\/wp\/v2\/users\/1"}],"replies":[{"embeddable":true,"href":"https:\/\/www.calvingusto.it\/de\/wp-json\/wp\/v2\/comments?post=2113"}],"version-history":[{"count":1,"href":"https:\/\/www.calvingusto.it\/de\/wp-json\/wp\/v2\/pages\/2113\/revisions"}],"predecessor-version":[{"id":2114,"href":"https:\/\/www.calvingusto.it\/de\/wp-json\/wp\/v2\/pages\/2113\/revisions\/2114"}],"wp:attachment":[{"href":"https:\/\/www.calvingusto.it\/de\/wp-json\/wp\/v2\/media?parent=2113"}],"curies":[{"name":"wp","href":"https:\/\/api.w.org\/{rel}","templated":true}]}}