{"id":2115,"date":"2020-03-03T14:55:10","date_gmt":"2020-03-03T13:55:10","guid":{"rendered":"https:\/\/www.calvingusto.it\/?page_id=2115"},"modified":"2020-03-04T14:23:54","modified_gmt":"2020-03-04T13:23:54","slug":"biologisches-olivenoel","status":"publish","type":"page","link":"https:\/\/www.calvingusto.it\/de\/biologisches-olivenoel\/","title":{"rendered":"Biologisches Oliven\u00f6l"},"content":{"rendered":"<section class=\"wpb-content-wrapper\"><p>[vc_row full_width=&#8220;stretch_row&#8220; css=&#8220;.vc_custom_1570441738828{margin-top: 60px !important;margin-bottom: 100px !important;background-position: center !important;background-repeat: no-repeat !important;background-size: cover !important;}&#8220;][vc_column][vc_row_inner css=&#8220;.vc_custom_1570441714749{background-image: url(http:\/\/organiee.thememove.com\/wp-content\/uploads\/2016\/11\/about_v2_1.jpg?id=369) !important;background-position: 0 0 !important;background-repeat: no-repeat !important;}&#8220;][vc_column_inner css=&#8220;.vc_custom_1478080472179{margin-top: 0px !important;margin-bottom: 0px !important;padding-top: 0px !important;padding-bottom: 0px !important;}&#8220;][insight_title uppercase=&#8220;yes&#8220; sub_title_enable=&#8220;yes&#8220; title=&#8220;Biologisches natives Oliven\u00f6l extra&#8220; sub_title=&#8220;-Calvino Gusto Supremo-&#8222;][vc_custom_heading text=&#8220;Wir pfl\u00fccken unsere Oliven und bringen sie zur M\u00fchle, wo sie sofort gepresst und zu biologischem \u00d6l verarbeitet werden.<br \/>\nDie wichtigste Olivensorte von unserem Olivenhain ist die \u201cCasaliva\u201d (einheimischer Olivenbaum des Gardasees), daher der Name <strong>\u201cGocce (Tropfen) Casaliva\u201d<\/strong>.&#8220; font_container=&#8220;tag:div|font_size:24|text_align:center|color:%23742d23|line_height:2em&#8220; use_theme_fonts=&#8220;&#8220; google_fonts=&#8220;font_family:Playfair%20Display%3Aregular%2Citalic%2C700%2C700italic%2C900%2C900italic|font_style:400%20italic%3A400%3Aitalic&#8220; font_weight=&#8220;&#8220; el_class=&#8220;mw-720&#8243; letter_spacing=&#8220;.1em&#8220; css=&#8220;.vc_custom_1583243768014{padding-top: 20px !important;}&#8220;][\/vc_column_inner][\/vc_row_inner][\/vc_column][\/vc_row][vc_row content_placement=&#8220;middle&#8220; css=&#8220;.vc_custom_1570441676503{padding-bottom: 20px !important;}&#8220;][vc_column width=&#8220;1\/2&#8243; css=&#8220;.vc_custom_1570525985497{margin-top: 0px !important;padding-top: 0px !important;padding-bottom: 30px !important;}&#8220;][insight_rounded_title background_image=&#8220;1534&#8243; title=&#8220;OLIVEN\u00d6L&#8220; sub_title=&#8220;-Calvino Gusto Supremo-&#8222;][\/vc_column][vc_column css_animation=&#8220;fadeInRight&#8220; width=&#8220;1\/2&#8243; css=&#8220;.vc_custom_1570540247867{margin-top: 0px !important;margin-bottom: 30px !important;padding-top: 0px !important;}&#8220;][insight_icon_boxes icon_lib=&#8220;organie&#8220; icon_organie=&#8220;organie-drop&#8220; element_tag=&#8220;&#8220; title=&#8220;Natives Oliven\u00f6l extra aus biologischem Anbau&#8220;]Das klassische oder entkernte \u00d6l \u201cGocce Casaliva\u201d bringt Qualit\u00e4t, Echtheit und einen ausgewogenen und fruchtigen Geschmack auf den Tisch\u2026 geeignet f\u00fcr die verschiedensten Kost-Anwendungen.[\/insight_icon_boxes][vc_empty_space height=&#8220;20px&#8220;][insight_icon_boxes icon_lib=&#8220;organie&#8220; icon_organie=&#8220;organie-tractor&#8220; element_tag=&#8220;&#8220; title=&#8220;Bio-Landwirtschaft&#8220;]Das \u00d6l wird ausschlie\u00dflich aus der Pressung von zertifizierten, italienischen Bio-Oliven gewonnen, die vom landwirtschaftlichen Betrieb Calvino Gusto Supremo streng angebaut werden.[\/insight_icon_boxes][vc_empty_space height=&#8220;20px&#8220;][insight_icon_boxes icon_lib=&#8220;organie&#8220; icon_organie=&#8220;organie-flower-8&#8243; element_tag=&#8220;&#8220; title=&#8220;Organoleptische Eigenschaften&#8220;]Das \u00d6l wird kalt gepresst, um seine Eigenschaften intakt zu erhalten. Es ist reich an \u00d6ls\u00e4ure, Polyphenolen (Oleuropein) und Antioxidantien gegen freie Radikale.[\/insight_icon_boxes][\/vc_column][\/vc_row][vc_row full_width=&#8220;stretch_row&#8220; content_placement=&#8220;bottom&#8220; parallax=&#8220;content-moving&#8220; parallax_image=&#8220;1315&#8243; css=&#8220;.vc_custom_1581333231364{margin-top: 30px !important;margin-bottom: 50px !important;padding-top: 100px !important;padding-bottom: 100px !important;}&#8220;][vc_column][vc_custom_heading text=&#8220;M\u00f6chten Sie unsere Produkte probieren?&#8220; font_container=&#8220;tag:div|font_size:40px|text_align:center|color:%23e9b300|line_height:1&#8243; text_transform=&#8220;uppercase&#8220; font_weight=&#8220;700&#8243; css=&#8220;.vc_custom_1583243867226{margin-bottom: 35px !important;}&#8220; letter_spacing=&#8220;0.1em&#8220;][vc_custom_heading text=&#8220;Fragen Sie nach weiteren Informationen&#8220; font_container=&#8220;tag:div|font_size:18px|text_align:center|color:%23ffffff|line_height:2&#8243; use_theme_fonts=&#8220;&#8220; google_fonts=&#8220;font_family:Playfair%20Display%3Aregular%2Citalic%2C700%2C700italic%2C900%2C900italic|font_style:400%20regular%3A400%3Anormal&#8220; font_weight=&#8220;400&#8243; css=&#8220;.vc_custom_1583243875401{margin-bottom: 55px !important;}&#8220;][vc_btn title=&#8220;Kontaktieren Sie uns&#8220; style=&#8220;outline-custom&#8220; outline_custom_color=&#8220;#e9b300&#8243; outline_custom_hover_background=&#8220;#e9b300&#8243; outline_custom_hover_text=&#8220;#ffffff&#8220; shape=&#8220;round&#8220; align=&#8220;center&#8220; link=&#8220;url:https%3A%2F%2Fwww.calvingusto.it%2Fde%2Fkontakte%2F|||&#8220; el_id=&#8220;bottone-cta&#8220;][\/vc_column][\/vc_row][vc_row][vc_column][insight_title uppercase=&#8220;yes&#8220; sub_title_enable=&#8220;yes&#8220; title=&#8220;GOCCE DI CASALIVA&#8220; sub_title=&#8220;-Calvino Gusto Supremo-&#8222;][\/vc_column][\/vc_row][vc_row full_width=&#8220;stretch_row&#8220; css_animation=&#8220;fadeIn&#8220; css=&#8220;.vc_custom_1570540257852{margin-top: 20px !important;}&#8220; el_class=&#8220;relative-visible&#8220;][vc_column width=&#8220;1\/2&#8243; offset=&#8220;vc_hidden-sm vc_hidden-xs&#8220;][vc_single_image image=&#8220;1441&#8243; img_size=&#8220;full&#8220;][\/vc_column][vc_column width=&#8220;1\/2&#8243; el_class=&#8220;static-visible&#8220; offset=&#8220;vc_hidden-sm vc_hidden-xs&#8220;][insight_title uppercase=&#8220;&#8220; align=&#8220;text-left&#8220; title=&#8220;Gocce Casaliva &#8211; Klassisch&#8220;][vc_custom_heading text=&#8220;Natives Oliven\u00f6l extra aus biologischem Anbau&#8220; font_container=&#8220;tag:div|font_size:24|text_align:left|color:%23742d23|line_height:2em&#8220; use_theme_fonts=&#8220;&#8220; google_fonts=&#8220;font_family:Playfair%20Display%3Aregular%2Citalic%2C700%2C700italic%2C900%2C900italic|font_style:400%20italic%3A400%3Aitalic&#8220; font_weight=&#8220;&#8220; el_class=&#8220;mw-720&#8243; letter_spacing=&#8220;.1em&#8220; css=&#8220;.vc_custom_1583243982437{padding-top: 20px !important;}&#8220;][vc_column_text]Das \u00d6l ist hellgelb und klar und erinnert an Mandeln, \u00c4pfel und Tomaten. Das Fleisch zeichnet sich durch einen bitteren Gem\u00fcsegeschmack aus, die sich zunehmend mit blumigen Nuancen anreichert, bis sie sich in ein Trockenfruchtaroma verwandelt.[\/vc_column_text][vc_single_image image=&#8220;1200&#8243; img_size=&#8220;full&#8220; el_class=&#8220;absolute-object4&#8243;][\/vc_column][\/vc_row][vc_row full_width=&#8220;stretch_row&#8220; css_animation=&#8220;fadeIn&#8220; el_class=&#8220;relative-visible&#8220;][vc_column offset=&#8220;vc_hidden-lg vc_hidden-md&#8220;][vc_single_image image=&#8220;1441&#8243; img_size=&#8220;full&#8220;][insight_title uppercase=&#8220;&#8220; align=&#8220;text-left&#8220; title=&#8220;Gocce Casaliva &#8211; Klassisch&#8220;][vc_custom_heading text=&#8220;Natives Oliven\u00f6l extra aus biologischem Anbau&#8220; font_container=&#8220;tag:div|font_size:24|text_align:left|color:%23742d23|line_height:2em&#8220; use_theme_fonts=&#8220;&#8220; google_fonts=&#8220;font_family:Playfair%20Display%3Aregular%2Citalic%2C700%2C700italic%2C900%2C900italic|font_style:400%20italic%3A400%3Aitalic&#8220; font_weight=&#8220;&#8220; el_class=&#8220;mw-720&#8243; letter_spacing=&#8220;.1em&#8220; css=&#8220;.vc_custom_1583243982437{padding-top: 20px !important;}&#8220;][vc_column_text]Das \u00d6l ist hellgelb und klar und erinnert an Mandeln, \u00c4pfel und Tomaten. Das Fleisch zeichnet sich durch einen bitteren Gem\u00fcsegeschmack aus, die sich zunehmend mit blumigen Nuancen anreichert, bis sie sich in ein Trockenfruchtaroma verwandelt.[\/vc_column_text][\/vc_column][\/vc_row][vc_row full_width=&#8220;stretch_row&#8220; css_animation=&#8220;fadeIn&#8220; css=&#8220;.vc_custom_1570540265913{margin-top: 36px !important;margin-bottom: 60px !important;}&#8220; el_class=&#8220;relative-visible&#8220;][vc_column width=&#8220;1\/2&#8243; el_class=&#8220;static-visible&#8220; offset=&#8220;vc_hidden-sm vc_hidden-xs&#8220;][insight_title uppercase=&#8220;&#8220; align=&#8220;text-left&#8220; title=&#8220;Gocce Casaliva &#8211; Entkernt&#8220;][vc_custom_heading text=&#8220;Natives Oliven\u00f6l extra aus biologischem Anbau&#8220; font_container=&#8220;tag:div|font_size:24|text_align:left|color:%23742d23|line_height:2em&#8220; use_theme_fonts=&#8220;&#8220; google_fonts=&#8220;font_family:Playfair%20Display%3Aregular%2Citalic%2C700%2C700italic%2C900%2C900italic|font_style:400%20italic%3A400%3Aitalic&#8220; font_weight=&#8220;&#8220; el_class=&#8220;mw-720&#8243; letter_spacing=&#8220;.1em&#8220; css=&#8220;.vc_custom_1583244020292{padding-top: 20px !important;}&#8220;][vc_column_text]Das \u00d6l ist hellgr\u00fcn mit goldgr\u00fcnen Farbt\u00f6nen und einem intensiven Duft nach \u00c4pfeln mit einer leichten Mandelnote. Das Fleisch zeichnet sich durch einen Gem\u00fcsegeschmack aus M\u00e4hkr\u00e4utern und frischen Oliven aus.[\/vc_column_text][vc_single_image image=&#8220;1038&#8243; img_size=&#8220;full&#8220; el_class=&#8220;absolute-object5&#8243;][\/vc_column][vc_column width=&#8220;1\/2&#8243; offset=&#8220;vc_hidden-sm vc_hidden-xs&#8220;][vc_single_image image=&#8220;1453&#8243; img_size=&#8220;full&#8220;][\/vc_column][\/vc_row][vc_row full_width=&#8220;stretch_row&#8220; css_animation=&#8220;fadeIn&#8220; el_class=&#8220;relative-visible&#8220;][vc_column el_class=&#8220;static-visible&#8220; offset=&#8220;vc_hidden-lg vc_hidden-md&#8220;][vc_single_image image=&#8220;1453&#8243; img_size=&#8220;full&#8220;][insight_title uppercase=&#8220;&#8220; align=&#8220;text-left&#8220; title=&#8220;Gocce Casaliva &#8211; Entkernt&#8220;][vc_custom_heading text=&#8220;Natives Oliven\u00f6l extra aus biologischem Anbau&#8220; font_container=&#8220;tag:div|font_size:24|text_align:left|color:%23742d23|line_height:2em&#8220; use_theme_fonts=&#8220;&#8220; google_fonts=&#8220;font_family:Playfair%20Display%3Aregular%2Citalic%2C700%2C700italic%2C900%2C900italic|font_style:400%20italic%3A400%3Aitalic&#8220; font_weight=&#8220;&#8220; el_class=&#8220;mw-720&#8243; letter_spacing=&#8220;.1em&#8220; css=&#8220;.vc_custom_1583244020292{padding-top: 20px !important;}&#8220;][vc_column_text]Das \u00d6l ist hellgr\u00fcn mit goldgr\u00fcnen Farbt\u00f6nen und einem intensiven Duft nach \u00c4pfeln mit einer leichten Mandelnote. Das Fleisch zeichnet sich durch einen Gem\u00fcsegeschmack aus M\u00e4hkr\u00e4utern und frischen Oliven aus.[\/vc_column_text][vc_empty_space height=&#8220;60px&#8220;][\/vc_column][\/vc_row]<\/p>\n<\/section>","protected":false},"excerpt":{"rendered":"<p>[vc_row full_width=&#8220;stretch_row&#8220; css=&#8220;.vc_custom_1570441738828{margin-top: 60px !important;margin-bottom: 100px !important;background-position: center !important;background-repeat: no-repeat !important;background-size: cover !important;}&#8220;][vc_column][vc_row_inner css=&#8220;.vc_custom_1570441714749{background-image: url(http:\/\/organiee.thememove.com\/wp-content\/uploads\/2016\/11\/about_v2_1.jpg?id=369) !important;background-position: 0 0 !important;background-repeat: no-repeat !important;}&#8220;][vc_column_inner css=&#8220;.vc_custom_1478080472179{margin-top: 0px !important;margin-bottom: 0px !important;padding-top: 0px !important;padding-bottom: 0px !important;}&#8220;][insight_title uppercase=&#8220;yes&#8220; sub_title_enable=&#8220;yes&#8220; title=&#8220;Biologisches natives Oliven\u00f6l extra&#8220; sub_title=&#8220;-Calvino Gusto Supremo-&#8222;][vc_custom_heading text=&#8220;Wir pfl\u00fccken unsere Oliven und bringen sie zur M\u00fchle, wo sie sofort gepresst und zu biologischem&#8230;<\/p>\n","protected":false},"author":1,"featured_media":0,"parent":0,"menu_order":0,"comment_status":"closed","ping_status":"closed","template":"","meta":{"_monsterinsights_skip_tracking":false,"_monsterinsights_sitenote_active":false,"_monsterinsights_sitenote_note":"","_monsterinsights_sitenote_category":0,"footnotes":""},"class_list":["post-2115","page","type-page","status-publish","hentry"],"_links":{"self":[{"href":"https:\/\/www.calvingusto.it\/de\/wp-json\/wp\/v2\/pages\/2115","targetHints":{"allow":["GET"]}}],"collection":[{"href":"https:\/\/www.calvingusto.it\/de\/wp-json\/wp\/v2\/pages"}],"about":[{"href":"https:\/\/www.calvingusto.it\/de\/wp-json\/wp\/v2\/types\/page"}],"author":[{"embeddable":true,"href":"https:\/\/www.calvingusto.it\/de\/wp-json\/wp\/v2\/users\/1"}],"replies":[{"embeddable":true,"href":"https:\/\/www.calvingusto.it\/de\/wp-json\/wp\/v2\/comments?post=2115"}],"version-history":[{"count":3,"href":"https:\/\/www.calvingusto.it\/de\/wp-json\/wp\/v2\/pages\/2115\/revisions"}],"predecessor-version":[{"id":2227,"href":"https:\/\/www.calvingusto.it\/de\/wp-json\/wp\/v2\/pages\/2115\/revisions\/2227"}],"wp:attachment":[{"href":"https:\/\/www.calvingusto.it\/de\/wp-json\/wp\/v2\/media?parent=2115"}],"curies":[{"name":"wp","href":"https:\/\/api.w.org\/{rel}","templated":true}]}}