{"id":2118,"date":"2020-03-03T15:05:17","date_gmt":"2020-03-03T14:05:17","guid":{"rendered":"https:\/\/www.calvingusto.it\/?page_id=2118"},"modified":"2020-03-04T14:25:48","modified_gmt":"2020-03-04T13:25:48","slug":"kaese","status":"publish","type":"page","link":"https:\/\/www.calvingusto.it\/de\/kaese\/","title":{"rendered":"K\u00e4se"},"content":{"rendered":"<section class=\"wpb-content-wrapper\"><p>[vc_row full_width=&#8220;stretch_row&#8220; css=&#8220;.vc_custom_1570441738828{margin-top: 60px !important;margin-bottom: 100px !important;background-position: center !important;background-repeat: no-repeat !important;background-size: cover !important;}&#8220;][vc_column][vc_row_inner css=&#8220;.vc_custom_1570441714749{background-image: url(http:\/\/organiee.thememove.com\/wp-content\/uploads\/2016\/11\/about_v2_1.jpg?id=369) !important;background-position: 0 0 !important;background-repeat: no-repeat !important;}&#8220;][vc_column_inner css=&#8220;.vc_custom_1478080472179{margin-top: 0px !important;margin-bottom: 0px !important;padding-top: 0px !important;padding-bottom: 0px !important;}&#8220;][insight_title uppercase=&#8220;yes&#8220; sub_title_enable=&#8220;yes&#8220; title=&#8220;Grana Padano &amp; Parmigiano Reggiano&#8220; sub_title=&#8220;-Calvino Gusto Supremo-&#8222;][vc_custom_heading text=&#8220;In unserem Lagerhaus reifen wir <strong>Grana Padano und Parmigiano Reggiano<\/strong>. Dazu zeigen wir den Besuchern, wie der K\u00e4se gew\u00fcrzt, gereift und kontrolliert wird.&#8220; font_container=&#8220;tag:div|font_size:24|text_align:center|color:%23742d23|line_height:2em&#8220; use_theme_fonts=&#8220;&#8220; google_fonts=&#8220;font_family:Playfair%20Display%3Aregular%2Citalic%2C700%2C700italic%2C900%2C900italic|font_style:400%20italic%3A400%3Aitalic&#8220; font_weight=&#8220;&#8220; el_class=&#8220;mw-720&#8243; letter_spacing=&#8220;.1em&#8220; css=&#8220;.vc_custom_1583244368705{padding-top: 20px !important;}&#8220;][\/vc_column_inner][\/vc_row_inner][\/vc_column][\/vc_row][vc_row content_placement=&#8220;middle&#8220; css=&#8220;.vc_custom_1570441676503{padding-bottom: 20px !important;}&#8220;][vc_column css_animation=&#8220;fadeInLeft&#8220; width=&#8220;1\/2&#8243; css=&#8220;.vc_custom_1570540394441{margin-top: 0px !important;margin-bottom: 30px !important;padding-top: 0px !important;}&#8220;][insight_rounded_title background_image=&#8220;1563&#8243; title=&#8220;K\u00c4SE&#8220; sub_title=&#8220;-Calvino Gusto Supremo-&#8222;][\/vc_column][vc_column width=&#8220;1\/2&#8243; css=&#8220;.vc_custom_1570528775560{margin-top: 0px !important;padding-top: 0px !important;padding-bottom: 30px !important;}&#8220; el_id=&#8220;formaggio&#8220;][insight_icon_boxes icon_type=&#8220;custom&#8220; custom_icon=&#8220;2171&#8243; element_tag=&#8220;div&#8220; title=&#8220;Grana Padano&#8220; ]Es ist eine ausgezeichnete Quelle f\u00fcr Calcium, Phosphor und Proteine mit hohem biologischem Wert.[\/insight_icon_boxes][vc_empty_space height=&#8220;20px&#8220;][insight_icon_boxes icon_type=&#8220;custom&#8220; custom_icon=&#8220;2171&#8243; element_tag=&#8220;div&#8220; title=&#8220;Parmigiano Reggiano&#8220;]Es ist ein 100% nat\u00fcrlicher K\u00e4se, der aus 30% Wasser und 70% N\u00e4hrstoffen besteht.[\/insight_icon_boxes][vc_empty_space height=&#8220;20px&#8220;][insight_icon_boxes icon_lib=&#8220;organie&#8220; icon_organie=&#8220;organie-milk&#8220; element_tag=&#8220;div&#8220; title=&#8220;Laktose&#8220;]Grana Padano und Parmigiano Reggiano sind laktosefrei.[\/insight_icon_boxes][\/vc_column][\/vc_row][vc_row full_width=&#8220;stretch_row&#8220; content_placement=&#8220;bottom&#8220; parallax=&#8220;content-moving&#8220; parallax_image=&#8220;1315&#8243; css=&#8220;.vc_custom_1570527442198{margin-top: 30px !important;margin-bottom: 50px !important;padding-top: 100px !important;padding-bottom: 100px !important;background-color: #bbd19c !important;}&#8220;][vc_column][vc_custom_heading text=&#8220;M\u00f6chten Sie unsere Produkte probieren?&#8220; font_container=&#8220;tag:div|font_size:40px|text_align:center|color:%23e9b300|line_height:1&#8243; text_transform=&#8220;uppercase&#8220; font_weight=&#8220;700&#8243; css=&#8220;.vc_custom_1583244441270{margin-bottom: 35px !important;}&#8220; letter_spacing=&#8220;0.1em&#8220;][vc_custom_heading text=&#8220;Fragen Sie nach weiteren Informationen&#8220; font_container=&#8220;tag:div|font_size:18px|text_align:center|color:%23ffffff|line_height:2&#8243; use_theme_fonts=&#8220;&#8220; google_fonts=&#8220;font_family:Playfair%20Display%3Aregular%2Citalic%2C700%2C700italic%2C900%2C900italic|font_style:400%20regular%3A400%3Anormal&#8220; font_weight=&#8220;400&#8243; css=&#8220;.vc_custom_1583244457774{margin-bottom: 55px !important;}&#8220;][vc_btn title=&#8220;Kontaktieren Sie uns&#8220; style=&#8220;outline-custom&#8220; outline_custom_color=&#8220;#e9b300&#8243; outline_custom_hover_background=&#8220;#e9b300&#8243; outline_custom_hover_text=&#8220;#ffffff&#8220; shape=&#8220;round&#8220; align=&#8220;center&#8220; link=&#8220;url:https%3A%2F%2Fwww.calvingusto.it%2Fde%2Fkontakte%2F|||&#8220; el_id=&#8220;bottone-cta&#8220;][\/vc_column][\/vc_row][vc_row][vc_column][insight_title uppercase=&#8220;yes&#8220; sub_title_enable=&#8220;yes&#8220; title=&#8220;Unsere K\u00e4se&#8220; sub_title=&#8220;-Calvino Gusto Supremo-&#8222;][\/vc_column][\/vc_row][vc_row full_width=&#8220;stretch_row&#8220; css_animation=&#8220;fadeIn&#8220; css=&#8220;.vc_custom_1570540418859{margin-top: 20px !important;margin-bottom: 60px !important;}&#8220; el_class=&#8220;relative-visible&#8220;][vc_column width=&#8220;1\/2&#8243;][vc_single_image image=&#8220;1560&#8243; img_size=&#8220;full&#8220;][\/vc_column][vc_column width=&#8220;1\/2&#8243; el_class=&#8220;static-visible&#8220;][insight_title uppercase=&#8220;&#8220; align=&#8220;text-left&#8220; title=&#8220;Reifung&#8220;][vc_custom_heading text=&#8220;Es ist die wichtigste Phase im Prozess der K\u00e4seherstellung&#8220; font_container=&#8220;tag:div|font_size:24|text_align:left|color:%23742d23|line_height:2em&#8220; use_theme_fonts=&#8220;&#8220; google_fonts=&#8220;font_family:Playfair%20Display%3Aregular%2Citalic%2C700%2C700italic%2C900%2C900italic|font_style:400%20italic%3A400%3Aitalic&#8220; font_weight=&#8220;&#8220; el_class=&#8220;mw-720&#8243; letter_spacing=&#8220;.1em&#8220;][vc_column_text]Grana Padano wird im Alter von etwa 1 Monat gekauft und wird ca. 2 Jahre lang gereift.<\/p>\n<p>Parmigiano Reggiano wird im Alter von 12 Monaten gekauft und wird etwa 30 Monate lang gereift.<\/p>\n<p>W\u00e4hrend der Gew\u00fcrzphase (mit einer Temperatur von 16\/18 \u00b0 und einer Luftfeuchtigkeit von 80\/90%) wird der K\u00e4se alle 7 Tage gereinigt und geb\u00fcrstet und die Qualit\u00e4tskontrolle wird jeden Monat durchgef\u00fchrt.<\/p>\n<p>Die K\u00e4seversorgung wird sorgf\u00e4ltig durchgef\u00fchrt, um w\u00e4hrend des gesamten Reifungsprozesses eine hervorragende Qualit\u00e4t zu gew\u00e4hrleisten.[\/vc_column_text][vc_single_image image=&#8220;1200&#8243; img_size=&#8220;full&#8220; el_class=&#8220;absolute-object4&#8243;][\/vc_column][\/vc_row]<\/p>\n<\/section>","protected":false},"excerpt":{"rendered":"<p>[vc_row full_width=&#8220;stretch_row&#8220; css=&#8220;.vc_custom_1570441738828{margin-top: 60px !important;margin-bottom: 100px !important;background-position: center !important;background-repeat: no-repeat !important;background-size: cover !important;}&#8220;][vc_column][vc_row_inner css=&#8220;.vc_custom_1570441714749{background-image: url(http:\/\/organiee.thememove.com\/wp-content\/uploads\/2016\/11\/about_v2_1.jpg?id=369) !important;background-position: 0 0 !important;background-repeat: no-repeat !important;}&#8220;][vc_column_inner css=&#8220;.vc_custom_1478080472179{margin-top: 0px !important;margin-bottom: 0px !important;padding-top: 0px !important;padding-bottom: 0px !important;}&#8220;][insight_title uppercase=&#8220;yes&#8220; sub_title_enable=&#8220;yes&#8220; title=&#8220;Grana Padano &amp; Parmigiano Reggiano&#8220; sub_title=&#8220;-Calvino Gusto Supremo-&#8222;][vc_custom_heading text=&#8220;In unserem Lagerhaus reifen wir Grana Padano und Parmigiano Reggiano. Dazu zeigen wir den Besuchern,&#8230;<\/p>\n","protected":false},"author":1,"featured_media":0,"parent":0,"menu_order":0,"comment_status":"closed","ping_status":"closed","template":"","meta":{"_monsterinsights_skip_tracking":false,"_monsterinsights_sitenote_active":false,"_monsterinsights_sitenote_note":"","_monsterinsights_sitenote_category":0,"footnotes":""},"class_list":["post-2118","page","type-page","status-publish","hentry"],"_links":{"self":[{"href":"https:\/\/www.calvingusto.it\/de\/wp-json\/wp\/v2\/pages\/2118","targetHints":{"allow":["GET"]}}],"collection":[{"href":"https:\/\/www.calvingusto.it\/de\/wp-json\/wp\/v2\/pages"}],"about":[{"href":"https:\/\/www.calvingusto.it\/de\/wp-json\/wp\/v2\/types\/page"}],"author":[{"embeddable":true,"href":"https:\/\/www.calvingusto.it\/de\/wp-json\/wp\/v2\/users\/1"}],"replies":[{"embeddable":true,"href":"https:\/\/www.calvingusto.it\/de\/wp-json\/wp\/v2\/comments?post=2118"}],"version-history":[{"count":4,"href":"https:\/\/www.calvingusto.it\/de\/wp-json\/wp\/v2\/pages\/2118\/revisions"}],"predecessor-version":[{"id":2179,"href":"https:\/\/www.calvingusto.it\/de\/wp-json\/wp\/v2\/pages\/2118\/revisions\/2179"}],"wp:attachment":[{"href":"https:\/\/www.calvingusto.it\/de\/wp-json\/wp\/v2\/media?parent=2118"}],"curies":[{"name":"wp","href":"https:\/\/api.w.org\/{rel}","templated":true}]}}