{"id":2121,"date":"2020-03-03T15:12:17","date_gmt":"2020-03-03T14:12:17","guid":{"rendered":"https:\/\/www.calvingusto.it\/?page_id=2121"},"modified":"2020-03-04T14:26:41","modified_gmt":"2020-03-04T13:26:41","slug":"konfitueren","status":"publish","type":"page","link":"https:\/\/www.calvingusto.it\/de\/konfitueren\/","title":{"rendered":"Konfit\u00fcren"},"content":{"rendered":"<section class=\"wpb-content-wrapper\"><p>[vc_row full_width=&#8220;stretch_row&#8220; css=&#8220;.vc_custom_1570441738828{margin-top: 60px !important;margin-bottom: 100px !important;background-position: center !important;background-repeat: no-repeat !important;background-size: cover !important;}&#8220;][vc_column][vc_row_inner css=&#8220;.vc_custom_1570441714749{background-image: url(http:\/\/organiee.thememove.com\/wp-content\/uploads\/2016\/11\/about_v2_1.jpg?id=369) !important;background-position: 0 0 !important;background-repeat: no-repeat !important;}&#8220;][vc_column_inner css=&#8220;.vc_custom_1478080472179{margin-top: 0px !important;margin-bottom: 0px !important;padding-top: 0px !important;padding-bottom: 0px !important;}&#8220;][insight_title uppercase=&#8220;yes&#8220; sub_title_enable=&#8220;yes&#8220; title=&#8220;Konfit\u00fcren und Bio-Sirupe&#8220; sub_title=&#8220;-Calvino Gusto Supremo-&#8222;][vc_custom_heading text=&#8220;Wir bereiten eine gro\u00dfe Auswahl an Obst- und Gem\u00fcsekonfit\u00fcren, Quitten, Gelees, Olivenpasteten und Holundersirupen (und vieles mehr, je nachdem, was uns die Natur saisonal bietet).&#8220; font_container=&#8220;tag:div|font_size:24|text_align:center|color:%23742d23|line_height:2em&#8220; use_theme_fonts=&#8220;&#8220; google_fonts=&#8220;font_family:Playfair%20Display%3Aregular%2Citalic%2C700%2C700italic%2C900%2C900italic|font_style:400%20italic%3A400%3Aitalic&#8220; font_weight=&#8220;&#8220; el_class=&#8220;mw-720&#8243; letter_spacing=&#8220;.1em&#8220; css=&#8220;.vc_custom_1583244780258{padding-top: 20px !important;}&#8220;][\/vc_column_inner][\/vc_row_inner][\/vc_column][\/vc_row][vc_row content_placement=&#8220;middle&#8220; css=&#8220;.vc_custom_1570441676503{padding-bottom: 20px !important;}&#8220;][vc_column css_animation=&#8220;fadeInLeft&#8220; width=&#8220;1\/2&#8243; css=&#8220;.vc_custom_1570540344847{margin-top: 0px !important;margin-bottom: 30px !important;padding-top: 0px !important;}&#8220;][insight_rounded_title background_image=&#8220;1548&#8243; title=&#8220;KONFIT\u00dcREN&#8220; sub_title=&#8220;-Calvino Gusto Supremo-&#8222;][\/vc_column][vc_column width=&#8220;1\/2&#8243; css=&#8220;.vc_custom_1570527185352{margin-top: 0px !important;padding-top: 0px !important;padding-bottom: 30px !important;}&#8220; el_id=&#8220;marmellata&#8220;][insight_icon_boxes icon_lib=&#8220;organie&#8220; icon_organie=&#8220;organie-pear&#8220; element_tag=&#8220;div&#8220; title=&#8220;Obstkonfit\u00fcre&#8220;]Aprikosen, Pfirsiche, Pflaumen, Orangen, Zitronen, Feigen, Brustbeere, Quitten, Wassermelonen, Apfel und Kaffee, Apfel und Zimt, Apfel und Kakao usw.[\/insight_icon_boxes][vc_empty_space height=&#8220;20px&#8220;][insight_icon_boxes icon_lib=&#8220;organie&#8220; icon_organie=&#8220;organie-lettuce&#8220; element_tag=&#8220;div&#8220; title=&#8220;Gem\u00fcsekonfit\u00fcre&#8220;]Tomaten, gr\u00fcne Tomaten, Zucchini, Gurken, R\u00fcben, Zwiebeln, K\u00fcrbis, Sellerie, Schalotten, Radicchio, rote Chilischoten usw.[\/insight_icon_boxes][vc_empty_space height=&#8220;20px&#8220;][insight_icon_boxes icon_lib=&#8220;organie&#8220; icon_organie=&#8220;organie-honey&#8220; element_tag=&#8220;div&#8220; title=&#8220;Weitere Spezialit\u00e4ten&#8220;]Pastete, Gelees, Sirupe, S\u00e4fte, Saucen, Senf, usw.<br \/>\nSalami, Essig, Honig und Aufg\u00fcsse von nahe gelegenen Bio-Betrieben.[\/insight_icon_boxes][\/vc_column][\/vc_row][vc_row full_width=&#8220;stretch_row&#8220; content_placement=&#8220;bottom&#8220; parallax=&#8220;content-moving&#8220; parallax_image=&#8220;1315&#8243; css=&#8220;.vc_custom_1570463403751{margin-top: 30px !important;margin-bottom: 50px !important;padding-top: 100px !important;padding-bottom: 100px !important;background-color: #bbd19c !important;}&#8220;][vc_column][vc_custom_heading text=&#8220;M\u00f6chten Sie unsere Produkte probieren?&#8220; font_container=&#8220;tag:div|font_size:40px|text_align:center|color:%23e9b300|line_height:1&#8243; text_transform=&#8220;uppercase&#8220; font_weight=&#8220;700&#8243; css=&#8220;.vc_custom_1583244864335{margin-bottom: 35px !important;}&#8220; letter_spacing=&#8220;0.1em&#8220;][vc_custom_heading text=&#8220;Fragen Sie nach weiteren Informationen&#8220; font_container=&#8220;tag:div|font_size:18px|text_align:center|color:%23ffffff|line_height:2&#8243; use_theme_fonts=&#8220;&#8220; google_fonts=&#8220;font_family:Playfair%20Display%3Aregular%2Citalic%2C700%2C700italic%2C900%2C900italic|font_style:400%20regular%3A400%3Anormal&#8220; font_weight=&#8220;400&#8243; css=&#8220;.vc_custom_1583244873255{margin-bottom: 55px !important;}&#8220;][vc_btn title=&#8220;Kontaktieren Sie uns&#8220; style=&#8220;outline-custom&#8220; outline_custom_color=&#8220;#e9b300&#8243; outline_custom_hover_background=&#8220;#e9b300&#8243; outline_custom_hover_text=&#8220;#ffffff&#8220; shape=&#8220;round&#8220; align=&#8220;center&#8220; link=&#8220;url:https%3A%2F%2Fwww.calvingusto.it%2Fde%2Fkontakte%2F|||&#8220; el_id=&#8220;bottone-cta&#8220;][\/vc_column][\/vc_row][vc_row][vc_column][insight_title uppercase=&#8220;yes&#8220; title=&#8220;UNSERE KONFIT\u00dcREN&#8220;][\/vc_column][\/vc_row][vc_row full_width=&#8220;stretch_row&#8220; css_animation=&#8220;fadeIn&#8220; css=&#8220;.vc_custom_1583312940516{margin-top: 20px !important;margin-bottom: 60px !important;}&#8220; el_class=&#8220;relative-visible&#8220;][vc_column width=&#8220;1\/2&#8243;][vc_single_image image=&#8220;1511&#8243; img_size=&#8220;full&#8220;][\/vc_column][vc_column width=&#8220;1\/2&#8243; el_class=&#8220;static-visible&#8220;][insight_title uppercase=&#8220;&#8220; align=&#8220;text-left&#8220; title=&#8220;Obst- und Gem\u00fcsemarmeladen&#8220;][vc_custom_heading text=&#8220;Obst und Gem\u00fcse werden von Hand geerntet und ausgew\u00e4hlt&#8220; font_container=&#8220;tag:div|font_size:24|text_align:left|color:%23742d23|line_height:2em&#8220; use_theme_fonts=&#8220;&#8220; google_fonts=&#8220;font_family:Playfair%20Display%3Aregular%2Citalic%2C700%2C700italic%2C900%2C900italic|font_style:400%20italic%3A400%3Aitalic&#8220; font_weight=&#8220;&#8220; el_class=&#8220;mw-720&#8243; letter_spacing=&#8220;.1em&#8220;][vc_column_text]F\u00fcr die Zubereitung werden nur drei Zutaten verwendet: Obst und Gem\u00fcse, Zitrone und Zucker. Wir f\u00fcgen kein Konservierungsmittel hinzu, da wir uns zur Konservierung auf den Zuckergehalt und den pH-Wert verlassen.<\/p>\n<p>Das ist eine vollst\u00e4ndig handgemachte Zubereitung und es ist sehr wichtig, weil jede Ernte neue D\u00fcfte und Aromen aufweist. Nach dem Kochen wird die Marmelade von Hand verpackt.[\/vc_column_text][vc_single_image image=&#8220;1200&#8243; img_size=&#8220;full&#8220; el_class=&#8220;absolute-object4&#8243;][\/vc_column][\/vc_row]<\/p>\n<\/section>","protected":false},"excerpt":{"rendered":"<p>[vc_row full_width=&#8220;stretch_row&#8220; css=&#8220;.vc_custom_1570441738828{margin-top: 60px !important;margin-bottom: 100px !important;background-position: center !important;background-repeat: no-repeat !important;background-size: cover !important;}&#8220;][vc_column][vc_row_inner css=&#8220;.vc_custom_1570441714749{background-image: url(http:\/\/organiee.thememove.com\/wp-content\/uploads\/2016\/11\/about_v2_1.jpg?id=369) !important;background-position: 0 0 !important;background-repeat: no-repeat !important;}&#8220;][vc_column_inner css=&#8220;.vc_custom_1478080472179{margin-top: 0px !important;margin-bottom: 0px !important;padding-top: 0px !important;padding-bottom: 0px !important;}&#8220;][insight_title uppercase=&#8220;yes&#8220; sub_title_enable=&#8220;yes&#8220; title=&#8220;Konfit\u00fcren und Bio-Sirupe&#8220; sub_title=&#8220;-Calvino Gusto Supremo-&#8222;][vc_custom_heading text=&#8220;Wir bereiten eine gro\u00dfe Auswahl an Obst- und Gem\u00fcsekonfit\u00fcren, Quitten, Gelees, Olivenpasteten und Holundersirupen (und vieles mehr,&#8230;<\/p>\n","protected":false},"author":1,"featured_media":0,"parent":0,"menu_order":0,"comment_status":"closed","ping_status":"closed","template":"","meta":{"_monsterinsights_skip_tracking":false,"_monsterinsights_sitenote_active":false,"_monsterinsights_sitenote_note":"","_monsterinsights_sitenote_category":0,"footnotes":""},"class_list":["post-2121","page","type-page","status-publish","hentry"],"_links":{"self":[{"href":"https:\/\/www.calvingusto.it\/de\/wp-json\/wp\/v2\/pages\/2121","targetHints":{"allow":["GET"]}}],"collection":[{"href":"https:\/\/www.calvingusto.it\/de\/wp-json\/wp\/v2\/pages"}],"about":[{"href":"https:\/\/www.calvingusto.it\/de\/wp-json\/wp\/v2\/types\/page"}],"author":[{"embeddable":true,"href":"https:\/\/www.calvingusto.it\/de\/wp-json\/wp\/v2\/users\/1"}],"replies":[{"embeddable":true,"href":"https:\/\/www.calvingusto.it\/de\/wp-json\/wp\/v2\/comments?post=2121"}],"version-history":[{"count":3,"href":"https:\/\/www.calvingusto.it\/de\/wp-json\/wp\/v2\/pages\/2121\/revisions"}],"predecessor-version":[{"id":2230,"href":"https:\/\/www.calvingusto.it\/de\/wp-json\/wp\/v2\/pages\/2121\/revisions\/2230"}],"wp:attachment":[{"href":"https:\/\/www.calvingusto.it\/de\/wp-json\/wp\/v2\/media?parent=2121"}],"curies":[{"name":"wp","href":"https:\/\/api.w.org\/{rel}","templated":true}]}}