{"id":2127,"date":"2020-03-03T15:18:34","date_gmt":"2020-03-03T14:18:34","guid":{"rendered":"https:\/\/www.calvingusto.it\/?page_id=2127"},"modified":"2020-03-04T14:27:36","modified_gmt":"2020-03-04T13:27:36","slug":"geschenkverpackung","status":"publish","type":"page","link":"https:\/\/www.calvingusto.it\/de\/geschenkverpackung\/","title":{"rendered":"Geschenkverpackung"},"content":{"rendered":"<section class=\"wpb-content-wrapper\"><p>[vc_row full_width=&#8220;stretch_row&#8220; css=&#8220;.vc_custom_1570441738828{margin-top: 60px !important;margin-bottom: 100px !important;background-position: center !important;background-repeat: no-repeat !important;background-size: cover !important;}&#8220;][vc_column][vc_row_inner css=&#8220;.vc_custom_1570441714749{background-image: url(http:\/\/organiee.thememove.com\/wp-content\/uploads\/2016\/11\/about_v2_1.jpg?id=369) !important;background-position: 0 0 !important;background-repeat: no-repeat !important;}&#8220;][vc_column_inner css=&#8220;.vc_custom_1478080472179{margin-top: 0px !important;margin-bottom: 0px !important;padding-top: 0px !important;padding-bottom: 0px !important;}&#8220;][insight_title uppercase=&#8220;yes&#8220; sub_title_enable=&#8220;yes&#8220; title=&#8220;Gourmet-K\u00f6rbe und \u201cBomboniere\u201d&#8220; sub_title=&#8220;-Calvino Gusto Supremo-&#8222;][vc_custom_heading text=&#8220;Wir verpacken sorgf\u00e4ltig Ihre Geschenkpackungen: Nichts ist angenehmer als echte, biologische Regionalprodukte. In unserem Gesch\u00e4ft verpacken und personalisieren wir Feinkostspezialit\u00e4ten und h\u00fcbsche Geschenke, um Ihre W\u00fcnsche zu erf\u00fcllen&#8220; font_container=&#8220;tag:div|font_size:24|text_align:center|color:%23742d23|line_height:2em&#8220; use_theme_fonts=&#8220;&#8220; google_fonts=&#8220;font_family:Playfair%20Display%3Aregular%2Citalic%2C700%2C700italic%2C900%2C900italic|font_style:400%20italic%3A400%3Aitalic&#8220; font_weight=&#8220;&#8220; el_class=&#8220;mw-720&#8243; letter_spacing=&#8220;.1em&#8220; css=&#8220;.vc_custom_1583245171859{padding-top: 20px !important;}&#8220;][\/vc_column_inner][\/vc_row_inner][\/vc_column][\/vc_row][vc_row content_placement=&#8220;middle&#8220; css=&#8220;.vc_custom_1570441676503{padding-bottom: 20px !important;}&#8220;][vc_column css_animation=&#8220;fadeInLeft&#8220; width=&#8220;1\/2&#8243; css=&#8220;.vc_custom_1570540435265{margin-top: 0px !important;margin-bottom: 30px !important;padding-top: 0px !important;}&#8220;][insight_rounded_title background_image=&#8220;1571&#8243; title=&#8220;K\u00d6RBE&#8220; sub_title=&#8220;-Calvino Gusto Supremo-&#8222;][\/vc_column][vc_column width=&#8220;1\/2&#8243; css=&#8220;.vc_custom_1570529375653{margin-top: 0px !important;padding-top: 0px !important;padding-bottom: 30px !important;}&#8220; el_id=&#8220;regalo&#8220;][insight_icon_boxes icon_lib=&#8220;organie&#8220; icon_organie=&#8220;organie-basket&#8220; element_tag=&#8220;div&#8220; title=&#8220;Gourmet-K\u00f6rbe&#8220;]Naturkost und k\u00f6stliche Delikatessen, als Geschenk im Namen des Wohlbefindens und der Tradition.[\/insight_icon_boxes][vc_empty_space height=&#8220;20px&#8220;][insight_icon_boxes icon_lib=&#8220;organie&#8220; icon_organie=&#8220;organie-basket&#8220; element_tag=&#8220;div&#8220; title=&#8220;Weihnachtsk\u00f6rbe&#8220;]Gastronomische Weihnachtsgeschenke f\u00fcr Unternehmen und Privatpersonen.<br \/>\nZum Staunen &#8230; mit Geschmack![\/insight_icon_boxes][vc_empty_space height=&#8220;20px&#8220;][insight_icon_boxes icon_lib=&#8220;organie&#8220; icon_organie=&#8220;organie-flower-12&#8243; element_tag=&#8220;div&#8220; title=&#8220;Bomboniere und Dekorationen&#8220;]Handgemachte Geschenke und \u201cBomboniere\u201d, Dekorationen aller Art, Schleifen und Blumenkr\u00e4nze &#8230; alles komplett handgemacht.[\/insight_icon_boxes][\/vc_column][\/vc_row][vc_row full_width=&#8220;stretch_row&#8220; content_placement=&#8220;bottom&#8220; parallax=&#8220;content-moving&#8220; parallax_image=&#8220;1315&#8243; css=&#8220;.vc_custom_1583245345785{margin-top: 30px !important;padding-top: 100px !important;padding-bottom: 100px !important;background-color: #bbd19c !important;}&#8220;][vc_column][vc_custom_heading text=&#8220;GESCHENKIDEEN F\u00dcR FEINSCHMECKER&#8220; font_container=&#8220;tag:div|font_size:40px|text_align:center|color:%23e9b300|line_height:1&#8243; text_transform=&#8220;uppercase&#8220; font_weight=&#8220;900&#8243; css=&#8220;.vc_custom_1583245267977{margin-bottom: 35px !important;}&#8220; letter_spacing=&#8220;0.1em&#8220;][vc_custom_heading text=&#8220;In unserem Shop verpacken und personalisieren wir gastronomische Geschenke und Weihnachtsk\u00f6rbe f\u00fcr alle Gelegenheiten.&#8220; font_container=&#8220;tag:div|font_size:18px|text_align:center|color:%23ffffff|line_height:2&#8243; use_theme_fonts=&#8220;&#8220; google_fonts=&#8220;font_family:Playfair%20Display%3Aregular%2Citalic%2C700%2C700italic%2C900%2C900italic|font_style:400%20regular%3A400%3Anormal&#8220; font_weight=&#8220;400&#8243; css=&#8220;.vc_custom_1583245277434{margin-bottom: 55px !important;}&#8220;][vc_btn title=&#8220;Kontaktieren Sie uns&#8220; style=&#8220;outline-custom&#8220; outline_custom_color=&#8220;#e9b300&#8243; outline_custom_hover_background=&#8220;#e9b300&#8243; outline_custom_hover_text=&#8220;#ffffff&#8220; shape=&#8220;round&#8220; align=&#8220;center&#8220; link=&#8220;url:https%3A%2F%2Fwww.calvingusto.it%2Fde%2Fkontakte%2F|||&#8220; el_id=&#8220;bottone-cta&#8220;][\/vc_column][\/vc_row]<\/p>\n<\/section>","protected":false},"excerpt":{"rendered":"<p>[vc_row full_width=&#8220;stretch_row&#8220; css=&#8220;.vc_custom_1570441738828{margin-top: 60px !important;margin-bottom: 100px !important;background-position: center !important;background-repeat: no-repeat !important;background-size: cover !important;}&#8220;][vc_column][vc_row_inner css=&#8220;.vc_custom_1570441714749{background-image: url(http:\/\/organiee.thememove.com\/wp-content\/uploads\/2016\/11\/about_v2_1.jpg?id=369) !important;background-position: 0 0 !important;background-repeat: no-repeat !important;}&#8220;][vc_column_inner css=&#8220;.vc_custom_1478080472179{margin-top: 0px !important;margin-bottom: 0px !important;padding-top: 0px !important;padding-bottom: 0px !important;}&#8220;][insight_title uppercase=&#8220;yes&#8220; sub_title_enable=&#8220;yes&#8220; title=&#8220;Gourmet-K\u00f6rbe und \u201cBomboniere\u201d&#8220; sub_title=&#8220;-Calvino Gusto Supremo-&#8222;][vc_custom_heading text=&#8220;Wir verpacken sorgf\u00e4ltig Ihre Geschenkpackungen: Nichts ist angenehmer als echte, biologische Regionalprodukte. In unserem Gesch\u00e4ft verpacken und&#8230;<\/p>\n","protected":false},"author":1,"featured_media":0,"parent":0,"menu_order":0,"comment_status":"closed","ping_status":"closed","template":"","meta":{"_monsterinsights_skip_tracking":false,"_monsterinsights_sitenote_active":false,"_monsterinsights_sitenote_note":"","_monsterinsights_sitenote_category":0,"footnotes":""},"class_list":["post-2127","page","type-page","status-publish","hentry"],"_links":{"self":[{"href":"https:\/\/www.calvingusto.it\/de\/wp-json\/wp\/v2\/pages\/2127","targetHints":{"allow":["GET"]}}],"collection":[{"href":"https:\/\/www.calvingusto.it\/de\/wp-json\/wp\/v2\/pages"}],"about":[{"href":"https:\/\/www.calvingusto.it\/de\/wp-json\/wp\/v2\/types\/page"}],"author":[{"embeddable":true,"href":"https:\/\/www.calvingusto.it\/de\/wp-json\/wp\/v2\/users\/1"}],"replies":[{"embeddable":true,"href":"https:\/\/www.calvingusto.it\/de\/wp-json\/wp\/v2\/comments?post=2127"}],"version-history":[{"count":2,"href":"https:\/\/www.calvingusto.it\/de\/wp-json\/wp\/v2\/pages\/2127\/revisions"}],"predecessor-version":[{"id":2129,"href":"https:\/\/www.calvingusto.it\/de\/wp-json\/wp\/v2\/pages\/2127\/revisions\/2129"}],"wp:attachment":[{"href":"https:\/\/www.calvingusto.it\/de\/wp-json\/wp\/v2\/media?parent=2127"}],"curies":[{"name":"wp","href":"https:\/\/api.w.org\/{rel}","templated":true}]}}