{"id":2131,"date":"2020-03-03T15:23:53","date_gmt":"2020-03-03T14:23:53","guid":{"rendered":"https:\/\/www.calvingusto.it\/?page_id=2131"},"modified":"2022-02-15T15:12:39","modified_gmt":"2022-02-15T14:12:39","slug":"kontakte","status":"publish","type":"page","link":"https:\/\/www.calvingusto.it\/de\/kontakte\/","title":{"rendered":"Kontakte"},"content":{"rendered":"<section class=\"wpb-content-wrapper\"><p>[vc_row full_width=&#8220;stretch_row&#8220; css=&#8220;.vc_custom_1583314671486{margin-top: 50px !important;background-image: url(http:\/\/organiee.thememove.com\/wp-content\/uploads\/2016\/10\/contact2-bg.jpg?id=180) !important;background-position: center !important;background-repeat: no-repeat !important;background-size: cover !important;}&#8220; el_class=&#8220;relative-visible&#8220;][vc_column css_animation=&#8220;fadeInLeft&#8220; width=&#8220;1\/2&#8243; css=&#8220;.vc_custom_1583314645614{padding-right: 20% !important;}&#8220; offset=&#8220;vc_hidden-sm vc_hidden-xs&#8220;][insight_title uppercase=&#8220;yes&#8220; sub_title_enable=&#8220;yes&#8220; separator_enable=&#8220;yes&#8220; title=&#8220;KONTAKTE&#8220; css=&#8220;.vc_custom_1583245466912{margin-bottom: 20px !important;}&#8220; sub_title=&#8220;-Calvino Gusto Supremo-&#8222;][vc_custom_heading text=&#8220;Wir befinden uns in Padenghe sul Garda, im Herzen von Valtenesi. Wir stellen natives Oliven\u00f6l extra aus biologischem Anbau, Konfit\u00fcren und Sirupe her. Wir reifen Grana Padano und Parmigiano Reggiano, verpacken Gourmet-K\u00f6rbe und Geschenke.&#8220; font_container=&#8220;tag:div|font_size:18px|text_align:center|color:%23742e24|line_height:1.6em&#8220; use_theme_fonts=&#8220;&#8220; google_fonts=&#8220;font_family:Playfair%20Display%3Aregular%2Citalic%2C700%2C700italic%2C900%2C900italic|font_style:400%20italic%3A400%3Aitalic&#8220; font_weight=&#8220;&#8220; letter_spacing=&#8220;.05em&#8220; css=&#8220;.vc_custom_1583245476593{margin-top: 10px !important;margin-bottom: 60px !important;}&#8220;][vc_row_inner][vc_column_inner width=&#8220;1\/2&#8243;][insight_icon_boxes style=&#8220;icon_on_top&#8220; display_icon=&#8220;&#8220; icon_lib=&#8220;fontawesome&#8220; icon_fontawesome=&#8220;fa fa-map-marker&#8220; element_tag=&#8220;&#8220; title=&#8220;Adresse&#8220; css=&#8220;.vc_custom_1583245523871{padding-bottom: 30px !important;}&#8220; el_class=&#8220;position-icon&#8220;]Via Calvino, 4 &#8211; 25080<br \/>\nPadenghe sul Garda (BS) &#8211; Italia[\/insight_icon_boxes][insight_icon_boxes style=&#8220;icon_on_top&#8220; display_icon=&#8220;&#8220; icon_lib=&#8220;fontawesome&#8220; icon_fontawesome=&#8220;fa fa-envelope-o&#8220; element_tag=&#8220;&#8220; title=&#8220;E-mail&#8220; css=&#8220;.vc_custom_1583228387972{padding-bottom: 30px !important;}&#8220;] info@calvingusto.it[\/insight_icon_boxes][\/vc_column_inner][vc_column_inner width=&#8220;1\/2&#8243;][insight_icon_boxes style=&#8220;icon_on_top&#8220; display_icon=&#8220;&#8220; icon_lib=&#8220;fontawesome&#8220; icon_fontawesome=&#8220;fa fa-phone&#8220; element_tag=&#8220;&#8220; title=&#8220;Telefon&#8220; css=&#8220;.vc_custom_1583245505475{padding-bottom: 30px !important;}&#8220;]+39 030.9900451[\/insight_icon_boxes][\/vc_column_inner][\/vc_row_inner][\/vc_column][vc_column css_animation=&#8220;fadeInRight&#8220; width=&#8220;1\/2&#8243; el_class=&#8220;static-visible&#8220; offset=&#8220;vc_hidden-sm vc_hidden-xs&#8220;][insight_title uppercase=&#8220;yes&#8220; sub_title_enable=&#8220;yes&#8220; separator_enable=&#8220;yes&#8220; title=&#8220;SCHREIBEN SIE UNS&#8220; css=&#8220;.vc_custom_1583245535494{margin-bottom: 20px !important;}&#8220; sub_title=&#8220;-Calvino Gusto Supremo-&#8222;]\n<div class=\"wpcf7 no-js\" id=\"wpcf7-f2134-o1\" lang=\"it-IT\" dir=\"ltr\" data-wpcf7-id=\"2134\">\n<div class=\"screen-reader-response\"><p role=\"status\" aria-live=\"polite\" aria-atomic=\"true\"><\/p> <ul><\/ul><\/div>\n<form action=\"\/de\/wp-json\/wp\/v2\/pages\/2131#wpcf7-f2134-o1\" method=\"post\" class=\"wpcf7-form init\" aria-label=\"Modulo di contatto\" novalidate=\"novalidate\" data-status=\"init\">\n<fieldset class=\"hidden-fields-container\"><input type=\"hidden\" name=\"_wpcf7\" value=\"2134\" \/><input type=\"hidden\" name=\"_wpcf7_version\" value=\"6.1.5\" \/><input type=\"hidden\" name=\"_wpcf7_locale\" value=\"it_IT\" \/><input type=\"hidden\" name=\"_wpcf7_unit_tag\" value=\"wpcf7-f2134-o1\" \/><input type=\"hidden\" name=\"_wpcf7_container_post\" value=\"0\" \/><input type=\"hidden\" name=\"_wpcf7_posted_data_hash\" value=\"\" \/>\n<\/fieldset>\n<div class=\"row\">\n\t<div class=\"col-md-4 padding-right-half\">\n\t\t<p><span class=\"wpcf7-form-control-wrap\" data-name=\"your-name\"><input size=\"40\" maxlength=\"400\" class=\"wpcf7-form-control wpcf7-text wpcf7-validates-as-required\" aria-required=\"true\" aria-invalid=\"false\" placeholder=\"Name\" value=\"\" type=\"text\" name=\"your-name\" \/><\/span>\n\t\t<\/p>\n\t<\/div>\n\t<div class=\"col-md-4\">\n\t\t<p><span class=\"wpcf7-form-control-wrap\" data-name=\"your-subject\"><input size=\"40\" maxlength=\"400\" class=\"wpcf7-form-control wpcf7-text\" aria-invalid=\"false\" placeholder=\"Thema\" value=\"\" type=\"text\" name=\"your-subject\" \/><\/span>\n\t\t<\/p>\n\t<\/div>\n\t<div class=\"col-md-4 padding-left-half\">\n\t\t<p><span class=\"wpcf7-form-control-wrap\" data-name=\"your-email\"><input size=\"40\" maxlength=\"400\" class=\"wpcf7-form-control wpcf7-email wpcf7-validates-as-required wpcf7-text wpcf7-validates-as-email\" aria-required=\"true\" aria-invalid=\"false\" placeholder=\"E-mail\" value=\"\" type=\"email\" name=\"your-email\" \/><\/span>\n\t\t<\/p>\n\t<\/div>\n<\/div>\n<div class=\"row\">\n\t<div class=\"col-md-12\">\n\t\t<p><span class=\"wpcf7-form-control-wrap\" data-name=\"your-message\"><textarea cols=\"40\" rows=\"10\" maxlength=\"2000\" class=\"wpcf7-form-control wpcf7-textarea wpcf7-validates-as-required\" aria-required=\"true\" aria-invalid=\"false\" placeholder=\"Nachricht\" name=\"your-message\"><\/textarea><\/span>\n\t\t<\/p>\n\t<\/div>\n<\/div>\n<div class=\"row accettazione\" style=\"flex-wrap: unset;margin-bottom: 20px;\">\n\t<p><span class=\"wpcf7-form-control-wrap\" data-name=\"acceptance-42\"><span class=\"wpcf7-form-control wpcf7-acceptance\"><span class=\"wpcf7-list-item\"><input type=\"checkbox\" name=\"acceptance-42\" value=\"1\" aria-invalid=\"false\" \/><\/span><\/span><\/span><span style=\"margin-left: 5px;\">Ich habe die <a href=\"https:\/\/www.calvingusto.it\/privacy-policy-e-cookie-policy\/\" target=\"_blank\"><strong>Datenschutzerkl\u00e4rung<\/strong><\/a> gelesen und bin mit der Datenverarbeitung einverstanden<\/span>\n\t<\/p>\n<\/div>\n<div class=\"row submit-container\">\n\t<div class=\"col-md-12\">\n\t\t<p><span class=\"wpcf7-form-control-wrap\" data-name=\"hcap-cf7\">\t\t<input\n\t\t\t\ttype=\"hidden\"\n\t\t\t\tclass=\"hcaptcha-widget-id\"\n\t\t\t\tname=\"hcaptcha-widget-id\"\n\t\t\t\tvalue=\"eyJzb3VyY2UiOlsiY29udGFjdC1mb3JtLTdcL3dwLWNvbnRhY3QtZm9ybS03LnBocCJdLCJmb3JtX2lkIjoyMTM0fQ==-3c1a41a521185353a23327b9fca13d5c\">\n\t\t\t\t<span id=\"hcap_cf7-69e33c319cb9a8.99857001\" class=\"wpcf7-form-control h-captcha \"\n\t\t\tdata-sitekey=\"8e78e73a-9ecc-436e-8d58-d3a000a6eb3c\"\n\t\t\tdata-theme=\"light\"\n\t\t\tdata-size=\"normal\"\n\t\t\tdata-auto=\"false\"\n\t\t\tdata-ajax=\"false\"\n\t\t\tdata-force=\"true\">\n\t\t<\/span>\n\t\t<input type=\"hidden\" id=\"_wpnonce\" name=\"_wpnonce\" value=\"451ac54f64\" \/><input type=\"hidden\" name=\"_wp_http_referer\" value=\"\/de\/wp-json\/wp\/v2\/pages\/2131\" \/><\/span><input class=\"wpcf7-form-control wpcf7-submit has-spinner btn btn-border-black\" type=\"submit\" value=\"SEND\" \/>\n\t\t<\/p>\n\t<\/div>\n<\/div><div class=\"wpcf7-response-output\" aria-hidden=\"true\"><\/div>\n<\/form>\n<\/div>\n[\/vc_column][\/vc_row][vc_row full_width=&#8220;stretch_row&#8220; css=&#8220;.vc_custom_1583314684677{margin-top: -50px !important;padding-bottom: 100px !important;background-image: url(http:\/\/organiee.thememove.com\/wp-content\/uploads\/2016\/10\/contact2-bg.jpg?id=180) !important;background-position: center !important;background-repeat: no-repeat !important;background-size: cover !important;}&#8220; el_class=&#8220;relative-visible&#8220;][vc_column css_animation=&#8220;fadeInLeft&#8220; offset=&#8220;vc_hidden-lg vc_hidden-md&#8220;][insight_title uppercase=&#8220;yes&#8220; sub_title_enable=&#8220;yes&#8220; separator_enable=&#8220;yes&#8220; title=&#8220;KONTAKTE&#8220; css=&#8220;.vc_custom_1583245466912{margin-bottom: 20px !important;}&#8220; sub_title=&#8220;-Calvino Gusto Supremo-&#8222;][vc_custom_heading text=&#8220;Wir befinden uns in Padenghe sul Garda, im Herzen von Valtenesi. Wir stellen natives Oliven\u00f6l extra aus biologischem Anbau, Konfit\u00fcren und Sirupe her. Wir reifen Grana Padano und Parmigiano Reggiano, verpacken Gourmet-K\u00f6rbe und Geschenke.&#8220; font_container=&#8220;tag:div|font_size:18px|text_align:center|color:%23742e24|line_height:1.6em&#8220; use_theme_fonts=&#8220;&#8220; google_fonts=&#8220;font_family:Playfair%20Display%3Aregular%2Citalic%2C700%2C700italic%2C900%2C900italic|font_style:400%20italic%3A400%3Aitalic&#8220; font_weight=&#8220;&#8220; letter_spacing=&#8220;.05em&#8220; css=&#8220;.vc_custom_1583245476593{margin-top: 10px !important;margin-bottom: 60px !important;}&#8220;][vc_row_inner][vc_column_inner][insight_icon_boxes style=&#8220;icon_on_top&#8220; display_icon=&#8220;&#8220; icon_lib=&#8220;fontawesome&#8220; icon_fontawesome=&#8220;fa fa-map-marker&#8220; element_tag=&#8220;&#8220; title=&#8220;Adresse&#8220; css=&#8220;.vc_custom_1583245523871{padding-bottom: 30px !important;}&#8220; el_class=&#8220;position-icon&#8220;]Via Calvino, 4 &#8211; 25080<br \/>\nPadenghe sul Garda (BS) &#8211; Italia[\/insight_icon_boxes][insight_icon_boxes style=&#8220;icon_on_top&#8220; display_icon=&#8220;&#8220; icon_lib=&#8220;fontawesome&#8220; icon_fontawesome=&#8220;fa fa-envelope-o&#8220; element_tag=&#8220;&#8220; title=&#8220;E-mail&#8220; css=&#8220;.vc_custom_1583228387972{padding-bottom: 30px !important;}&#8220;] info@calvingusto.it[\/insight_icon_boxes][insight_icon_boxes style=&#8220;icon_on_top&#8220; display_icon=&#8220;&#8220; icon_lib=&#8220;fontawesome&#8220; icon_fontawesome=&#8220;fa fa-phone&#8220; element_tag=&#8220;&#8220; title=&#8220;Telefon&#8220; css=&#8220;.vc_custom_1583245505475{padding-bottom: 30px !important;}&#8220;]+39 030.9900451[\/insight_icon_boxes][\/vc_column_inner][\/vc_row_inner][insight_title uppercase=&#8220;yes&#8220; sub_title_enable=&#8220;yes&#8220; separator_enable=&#8220;yes&#8220; title=&#8220;SCHREIBEN SIE UNS&#8220; css=&#8220;.vc_custom_1583245535494{margin-bottom: 20px !important;}&#8220; sub_title=&#8220;-Calvino Gusto Supremo-&#8222;]\n<div class=\"wpcf7 no-js\" id=\"wpcf7-f2134-o2\" lang=\"it-IT\" dir=\"ltr\" data-wpcf7-id=\"2134\">\n<div class=\"screen-reader-response\"><p role=\"status\" aria-live=\"polite\" aria-atomic=\"true\"><\/p> <ul><\/ul><\/div>\n<form action=\"\/de\/wp-json\/wp\/v2\/pages\/2131#wpcf7-f2134-o2\" method=\"post\" class=\"wpcf7-form init\" aria-label=\"Modulo di contatto\" novalidate=\"novalidate\" data-status=\"init\">\n<fieldset class=\"hidden-fields-container\"><input type=\"hidden\" name=\"_wpcf7\" value=\"2134\" \/><input type=\"hidden\" name=\"_wpcf7_version\" value=\"6.1.5\" \/><input type=\"hidden\" name=\"_wpcf7_locale\" value=\"it_IT\" \/><input type=\"hidden\" name=\"_wpcf7_unit_tag\" value=\"wpcf7-f2134-o2\" \/><input type=\"hidden\" name=\"_wpcf7_container_post\" value=\"0\" \/><input type=\"hidden\" name=\"_wpcf7_posted_data_hash\" value=\"\" \/>\n<\/fieldset>\n<div class=\"row\">\n\t<div class=\"col-md-4 padding-right-half\">\n\t\t<p><span class=\"wpcf7-form-control-wrap\" data-name=\"your-name\"><input size=\"40\" maxlength=\"400\" class=\"wpcf7-form-control wpcf7-text wpcf7-validates-as-required\" aria-required=\"true\" aria-invalid=\"false\" placeholder=\"Name\" value=\"\" type=\"text\" name=\"your-name\" \/><\/span>\n\t\t<\/p>\n\t<\/div>\n\t<div class=\"col-md-4\">\n\t\t<p><span class=\"wpcf7-form-control-wrap\" data-name=\"your-subject\"><input size=\"40\" maxlength=\"400\" class=\"wpcf7-form-control wpcf7-text\" aria-invalid=\"false\" placeholder=\"Thema\" value=\"\" type=\"text\" name=\"your-subject\" \/><\/span>\n\t\t<\/p>\n\t<\/div>\n\t<div class=\"col-md-4 padding-left-half\">\n\t\t<p><span class=\"wpcf7-form-control-wrap\" data-name=\"your-email\"><input size=\"40\" maxlength=\"400\" class=\"wpcf7-form-control wpcf7-email wpcf7-validates-as-required wpcf7-text wpcf7-validates-as-email\" aria-required=\"true\" aria-invalid=\"false\" placeholder=\"E-mail\" value=\"\" type=\"email\" name=\"your-email\" \/><\/span>\n\t\t<\/p>\n\t<\/div>\n<\/div>\n<div class=\"row\">\n\t<div class=\"col-md-12\">\n\t\t<p><span class=\"wpcf7-form-control-wrap\" data-name=\"your-message\"><textarea cols=\"40\" rows=\"10\" maxlength=\"2000\" class=\"wpcf7-form-control wpcf7-textarea wpcf7-validates-as-required\" aria-required=\"true\" aria-invalid=\"false\" placeholder=\"Nachricht\" name=\"your-message\"><\/textarea><\/span>\n\t\t<\/p>\n\t<\/div>\n<\/div>\n<div class=\"row accettazione\" style=\"flex-wrap: unset;margin-bottom: 20px;\">\n\t<p><span class=\"wpcf7-form-control-wrap\" data-name=\"acceptance-42\"><span class=\"wpcf7-form-control wpcf7-acceptance\"><span class=\"wpcf7-list-item\"><input type=\"checkbox\" name=\"acceptance-42\" value=\"1\" aria-invalid=\"false\" \/><\/span><\/span><\/span><span style=\"margin-left: 5px;\">Ich habe die <a href=\"https:\/\/www.calvingusto.it\/privacy-policy-e-cookie-policy\/\" target=\"_blank\"><strong>Datenschutzerkl\u00e4rung<\/strong><\/a> gelesen und bin mit der Datenverarbeitung einverstanden<\/span>\n\t<\/p>\n<\/div>\n<div class=\"row submit-container\">\n\t<div class=\"col-md-12\">\n\t\t<p><span class=\"wpcf7-form-control-wrap\" data-name=\"hcap-cf7\">\t\t<input\n\t\t\t\ttype=\"hidden\"\n\t\t\t\tclass=\"hcaptcha-widget-id\"\n\t\t\t\tname=\"hcaptcha-widget-id\"\n\t\t\t\tvalue=\"eyJzb3VyY2UiOlsiY29udGFjdC1mb3JtLTdcL3dwLWNvbnRhY3QtZm9ybS03LnBocCJdLCJmb3JtX2lkIjoyMTM0fQ==-3c1a41a521185353a23327b9fca13d5c\">\n\t\t\t\t<span id=\"hcap_cf7-69e33c31a02864.81111850\" class=\"wpcf7-form-control h-captcha \"\n\t\t\tdata-sitekey=\"8e78e73a-9ecc-436e-8d58-d3a000a6eb3c\"\n\t\t\tdata-theme=\"light\"\n\t\t\tdata-size=\"normal\"\n\t\t\tdata-auto=\"false\"\n\t\t\tdata-ajax=\"false\"\n\t\t\tdata-force=\"true\">\n\t\t<\/span>\n\t\t<input type=\"hidden\" id=\"_wpnonce\" name=\"_wpnonce\" value=\"451ac54f64\" \/><input type=\"hidden\" name=\"_wp_http_referer\" value=\"\/de\/wp-json\/wp\/v2\/pages\/2131\" \/><\/span><input class=\"wpcf7-form-control wpcf7-submit has-spinner btn btn-border-black\" type=\"submit\" value=\"SEND\" \/>\n\t\t<\/p>\n\t<\/div>\n<\/div><div class=\"wpcf7-response-output\" aria-hidden=\"true\"><\/div>\n<\/form>\n<\/div>\n[\/vc_column][\/vc_row][vc_row full_width=&#8220;stretch_row_content_no_spaces&#8220;][vc_column css=&#8220;.vc_custom_1476955411902{margin-top: 0px !important;padding-top: 0px !important;}&#8220;][vc_raw_html]JTNDaWZyYW1lJTIwc3JjJTNEJTIyaHR0cHMlM0ElMkYlMkZ3d3cuZ29vZ2xlLmNvbSUyRm1hcHMlMkZlbWJlZCUzRnBiJTNEJTIxMW0xNCUyMTFtOCUyMTFtMyUyMTFkMTExODYuMjQwODk2MDg2MTIzJTIxMmQxMC40OTExJTIxM2Q0NS40OTg4JTIxM20yJTIxMWkxMDI0JTIxMmk3NjglMjE0ZjEzLjElMjEzbTMlMjExbTIlMjExczB4MCUyNTNBMHg2MTg0ZWY1NTE4YTdjNWYwJTIxMnNDYWx2aW5vJTI1MjBHdXN0byUyNTIwU3VwcmVtbyUyNTIwLSUyNTIwQXppZW5kYSUyNTIwQWdyaWNvbGElMjE1ZTAlMjEzbTIlMjExc2l0JTIxMnNpdCUyMTR2MTY0NDkzNDA4NTUxOCUyMTVtMiUyMTFzaXQlMjEyc2l0JTIyJTIwd2lkdGglM0QlMjIxMDAlMjUlMjIlMjBoZWlnaHQlM0QlMjI0NTAlMjIlMjBzdHlsZSUzRCUyMmJvcmRlciUzQTAlM0IlMjIlMjBhbGxvd2Z1bGxzY3JlZW4lM0QlMjIlMjIlMjBsb2FkaW5nJTNEJTIybGF6eSUyMiUzRSUzQyUyRmlmcmFtZSUzRQ==[\/vc_raw_html][\/vc_column][\/vc_row]<\/p>\n<\/section>","protected":false},"excerpt":{"rendered":"<p>[vc_row full_width=&#8220;stretch_row&#8220; css=&#8220;.vc_custom_1583314671486{margin-top: 50px !important;background-image: url(http:\/\/organiee.thememove.com\/wp-content\/uploads\/2016\/10\/contact2-bg.jpg?id=180) !important;background-position: center !important;background-repeat: no-repeat !important;background-size: cover !important;}&#8220; el_class=&#8220;relative-visible&#8220;][vc_column css_animation=&#8220;fadeInLeft&#8220; width=&#8220;1\/2&#8243; css=&#8220;.vc_custom_1583314645614{padding-right: 20% !important;}&#8220; offset=&#8220;vc_hidden-sm vc_hidden-xs&#8220;][insight_title uppercase=&#8220;yes&#8220; sub_title_enable=&#8220;yes&#8220; separator_enable=&#8220;yes&#8220; title=&#8220;KONTAKTE&#8220; css=&#8220;.vc_custom_1583245466912{margin-bottom: 20px !important;}&#8220; sub_title=&#8220;-Calvino Gusto Supremo-&#8222;][vc_custom_heading text=&#8220;Wir befinden uns in Padenghe sul Garda, im Herzen von Valtenesi. Wir stellen natives Oliven\u00f6l extra aus biologischem Anbau, Konfit\u00fcren und Sirupe her. Wir&#8230;<\/p>\n","protected":false},"author":1,"featured_media":0,"parent":0,"menu_order":0,"comment_status":"closed","ping_status":"closed","template":"","meta":{"_monsterinsights_skip_tracking":false,"_monsterinsights_sitenote_active":false,"_monsterinsights_sitenote_note":"","_monsterinsights_sitenote_category":0,"footnotes":""},"class_list":["post-2131","page","type-page","status-publish","hentry"],"_links":{"self":[{"href":"https:\/\/www.calvingusto.it\/de\/wp-json\/wp\/v2\/pages\/2131","targetHints":{"allow":["GET"]}}],"collection":[{"href":"https:\/\/www.calvingusto.it\/de\/wp-json\/wp\/v2\/pages"}],"about":[{"href":"https:\/\/www.calvingusto.it\/de\/wp-json\/wp\/v2\/types\/page"}],"author":[{"embeddable":true,"href":"https:\/\/www.calvingusto.it\/de\/wp-json\/wp\/v2\/users\/1"}],"replies":[{"embeddable":true,"href":"https:\/\/www.calvingusto.it\/de\/wp-json\/wp\/v2\/comments?post=2131"}],"version-history":[{"count":5,"href":"https:\/\/www.calvingusto.it\/de\/wp-json\/wp\/v2\/pages\/2131\/revisions"}],"predecessor-version":[{"id":2254,"href":"https:\/\/www.calvingusto.it\/de\/wp-json\/wp\/v2\/pages\/2131\/revisions\/2254"}],"wp:attachment":[{"href":"https:\/\/www.calvingusto.it\/de\/wp-json\/wp\/v2\/media?parent=2131"}],"curies":[{"name":"wp","href":"https:\/\/api.w.org\/{rel}","templated":true}]}}