{"id":2136,"date":"2020-03-03T15:33:56","date_gmt":"2020-03-03T14:33:56","guid":{"rendered":"https:\/\/www.calvingusto.it\/?page_id=2136"},"modified":"2022-02-16T15:00:07","modified_gmt":"2022-02-16T14:00:07","slug":"verkostung-und-fuehrungen","status":"publish","type":"page","link":"https:\/\/www.calvingusto.it\/de\/verkostung-und-fuehrungen\/","title":{"rendered":"Verkostung Und F\u00fchrungen"},"content":{"rendered":"<section class=\"wpb-content-wrapper\"><p>[vc_row full_width=&#8220;stretch_row&#8220; css=&#8220;.vc_custom_1570459107872{margin-top: 60px !important;margin-bottom: 100px !important;}&#8220;][vc_column offset=&#8220;vc_hidden-xs&#8220;][insight_title uppercase=&#8220;yes&#8220; sub_title_enable=&#8220;yes&#8220; separator_line=&#8220;&#8220; title=&#8220;Verkostung Und F\u00fchrungen&#8220; sub_title=&#8220;-Calvino Gusto Supremo-&#8222;][vc_custom_heading text=&#8220;Nach vorheriger Reservierung organisieren wir Verkostungen unserer Produkte mit F\u00fchrungen durch die M\u00fchle und den Reifungskeller von Grana Padano und Parmigiano Reggiano. Es ist auch m\u00f6glich, im Bauernhaus Podere Degli Ulivi zu \u00fcbernachten. Dieses Haus ist von 7 Hektar wundersch\u00f6nem Olivenhain umgeben.&#8220; font_container=&#8220;tag:div|font_size:24|text_align:center|color:%23742d23|line_height:2em&#8220; use_theme_fonts=&#8220;&#8220; google_fonts=&#8220;font_family:Playfair%20Display%3Aregular%2Citalic%2C700%2C700italic%2C900%2C900italic|font_style:400%20italic%3A400%3Aitalic&#8220; font_weight=&#8220;&#8220; css=&#8220;.vc_custom_1583246070762{padding-top: 20px !important;}&#8220; letter_spacing=&#8220;.1em&#8220;][\/vc_column][\/vc_row][vc_row full_width=&#8220;stretch_row&#8220; css=&#8220;.vc_custom_1645018430193{margin-bottom: 100px !important;}&#8220;][vc_column offset=&#8220;vc_hidden-lg vc_hidden-md vc_hidden-sm&#8220;][vc_column_text]<\/p>\n<div align=\"center\">\n<h3>Verkostung Und F\u00fchrungen<\/h3>\n<div class=\"sub-title primary-color\"><i>-Calvino Gusto Supremo-<\/i><\/div>\n<\/div>\n<p>[\/vc_column_text][vc_custom_heading text=&#8220;Nach vorheriger Reservierung organisieren wir Verkostungen unserer Produkte mit F\u00fchrungen durch die M\u00fchle und den Reifungskeller von Grana Padano und Parmigiano Reggiano. Es ist auch m\u00f6glich, im Bauernhaus Podere Degli Ulivi zu \u00fcbernachten. Dieses Haus ist von 7 Hektar wundersch\u00f6nem Olivenhain umgeben.&#8220; font_container=&#8220;tag:div|font_size:24|text_align:center|color:%23742d23|line_height:2em&#8220; use_theme_fonts=&#8220;&#8220; google_fonts=&#8220;font_family:Playfair%20Display%3Aregular%2Citalic%2C700%2C700italic%2C900%2C900italic|font_style:400%20italic%3A400%3Aitalic&#8220; font_weight=&#8220;&#8220; css=&#8220;.vc_custom_1583246070762{padding-top: 20px !important;}&#8220; letter_spacing=&#8220;.1em&#8220;][\/vc_column][\/vc_row][vc_row css=&#8220;.vc_custom_1570459331358{margin-bottom: 60px !important;}&#8220;][vc_column offset=&#8220;vc_hidden-xs&#8220;][insight_gallery style=&#8220;masonry&#8220; categories=&#8220;verkostungen&#8220; order_by=&#8220;&#8220; order=&#8220;&#8220; width=&#8220;270&#8243; height=&#8220;310&#8243; number=&#8220;10&#8243;][\/vc_column][\/vc_row][vc_row css=&#8220;.vc_custom_1570459331358{margin-bottom: 60px !important;}&#8220;][vc_column offset=&#8220;vc_hidden-lg vc_hidden-md vc_hidden-sm&#8220;][insight_gallery categories=&#8220;verkostungen&#8220; order_by=&#8220;&#8220; order=&#8220;&#8220; width=&#8220;270&#8243; height=&#8220;310&#8243; number=&#8220;10&#8243;][\/vc_column][\/vc_row][vc_row full_width=&#8220;stretch_row&#8220; content_placement=&#8220;middle&#8220; parallax=&#8220;content-moving&#8220; parallax_image=&#8220;1693&#8243; css_animation=&#8220;fadeIn&#8220; css=&#8220;.vc_custom_1580825694443{margin-top: 30px !important;padding-top: 100px !important;padding-bottom: 100px !important;}&#8220;][vc_column][vc_row_inner][vc_column_inner offset=&#8220;vc_hidden-xs&#8220;][vc_custom_heading text=&#8220;SCHENKEN SIE ODER BUCHEN SIE JETZT IHRE VERKOSTUNG&#8220; font_container=&#8220;tag:div|font_size:40px|text_align:center|color:%23e9b300|line_height:1&#8243; text_transform=&#8220;uppercase&#8220; font_weight=&#8220;700&#8243; letter_spacing=&#8220;0.1em&#8220; css=&#8220;.vc_custom_1583246090490{margin-bottom: 35px !important;}&#8220;][vc_custom_heading text=&#8220;Personalisierte Verkostungen, F\u00fchrungen und Schulausfl\u00fcge.&#8220; font_container=&#8220;tag:div|font_size:18px|text_align:center|color:%23ffffff|line_height:2&#8243; use_theme_fonts=&#8220;&#8220; google_fonts=&#8220;font_family:Playfair%20Display%3Aregular%2Citalic%2C700%2C700italic%2C900%2C900italic|font_style:400%20regular%3A400%3Anormal&#8220; font_weight=&#8220;400&#8243; css=&#8220;.vc_custom_1583246100313{margin-bottom: 55px !important;}&#8220;][vc_btn title=&#8220;Kontaktieren Sie uns&#8220; style=&#8220;outline-custom&#8220; outline_custom_color=&#8220;#e9b300&#8243; outline_custom_hover_background=&#8220;#e9b300&#8243; outline_custom_hover_text=&#8220;#ffffff&#8220; shape=&#8220;round&#8220; align=&#8220;center&#8220; link=&#8220;url:https%3A%2F%2Fwww.calvingusto.it%2Fde%2Fkontakte%2F|title:Kontakte||&#8220; el_id=&#8220;bottone-cta&#8220;][\/vc_column_inner][\/vc_row_inner][vc_row_inner][vc_column_inner offset=&#8220;vc_hidden-lg vc_hidden-md vc_hidden-sm&#8220;][vc_column_text]<\/p>\n<div align=\"center\"><a style=\"font-size: 30px; color: #e9b300; text-align: center;\">SCHENKEN SIE ODER BUCHEN SIE JETZT IHRE VERKOSTUNG<\/a><\/div>\n<p>[\/vc_column_text][vc_custom_heading text=&#8220;Personalisierte Verkostungen, F\u00fchrungen und Schulausfl\u00fcge.&#8220; font_container=&#8220;tag:div|font_size:18px|text_align:center|color:%23ffffff|line_height:2&#8243; use_theme_fonts=&#8220;&#8220; google_fonts=&#8220;font_family:Playfair%20Display%3Aregular%2Citalic%2C700%2C700italic%2C900%2C900italic|font_style:400%20regular%3A400%3Anormal&#8220; font_weight=&#8220;400&#8243; css=&#8220;.vc_custom_1583246100313{margin-bottom: 55px !important;}&#8220;][vc_btn title=&#8220;Kontaktieren Sie uns&#8220; style=&#8220;outline-custom&#8220; outline_custom_color=&#8220;#e9b300&#8243; outline_custom_hover_background=&#8220;#e9b300&#8243; outline_custom_hover_text=&#8220;#ffffff&#8220; shape=&#8220;round&#8220; align=&#8220;center&#8220; link=&#8220;url:https%3A%2F%2Fwww.calvingusto.it%2Fde%2Fkontakte%2F|title:Kontakte||&#8220;][\/vc_column_inner][\/vc_row_inner][\/vc_column][\/vc_row]<\/p>\n<\/section>","protected":false},"excerpt":{"rendered":"<p>[vc_row full_width=&#8220;stretch_row&#8220; css=&#8220;.vc_custom_1570459107872{margin-top: 60px !important;margin-bottom: 100px !important;}&#8220;][vc_column offset=&#8220;vc_hidden-xs&#8220;][insight_title uppercase=&#8220;yes&#8220; sub_title_enable=&#8220;yes&#8220; separator_line=&#8220;&#8220; title=&#8220;Verkostung Und F\u00fchrungen&#8220; sub_title=&#8220;-Calvino Gusto Supremo-&#8222;][vc_custom_heading text=&#8220;Nach vorheriger Reservierung organisieren wir Verkostungen unserer Produkte mit F\u00fchrungen durch die M\u00fchle und den Reifungskeller von Grana Padano und Parmigiano Reggiano. Es ist auch m\u00f6glich, im Bauernhaus Podere Degli Ulivi zu \u00fcbernachten. Dieses Haus ist von 7&#8230;<\/p>\n","protected":false},"author":1,"featured_media":0,"parent":0,"menu_order":0,"comment_status":"closed","ping_status":"closed","template":"","meta":{"_monsterinsights_skip_tracking":false,"_monsterinsights_sitenote_active":false,"_monsterinsights_sitenote_note":"","_monsterinsights_sitenote_category":0,"footnotes":""},"class_list":["post-2136","page","type-page","status-publish","hentry"],"_links":{"self":[{"href":"https:\/\/www.calvingusto.it\/de\/wp-json\/wp\/v2\/pages\/2136","targetHints":{"allow":["GET"]}}],"collection":[{"href":"https:\/\/www.calvingusto.it\/de\/wp-json\/wp\/v2\/pages"}],"about":[{"href":"https:\/\/www.calvingusto.it\/de\/wp-json\/wp\/v2\/types\/page"}],"author":[{"embeddable":true,"href":"https:\/\/www.calvingusto.it\/de\/wp-json\/wp\/v2\/users\/1"}],"replies":[{"embeddable":true,"href":"https:\/\/www.calvingusto.it\/de\/wp-json\/wp\/v2\/comments?post=2136"}],"version-history":[{"count":7,"href":"https:\/\/www.calvingusto.it\/de\/wp-json\/wp\/v2\/pages\/2136\/revisions"}],"predecessor-version":[{"id":2291,"href":"https:\/\/www.calvingusto.it\/de\/wp-json\/wp\/v2\/pages\/2136\/revisions\/2291"}],"wp:attachment":[{"href":"https:\/\/www.calvingusto.it\/de\/wp-json\/wp\/v2\/media?parent=2136"}],"curies":[{"name":"wp","href":"https:\/\/api.w.org\/{rel}","templated":true}]}}